{"id":6948,"date":"2022-01-09T10:54:53","date_gmt":"2022-01-09T08:54:53","guid":{"rendered":"https:\/\/securitysrl.net\/declaration-de-confidentialite-de-lue\/"},"modified":"2025-09-26T16:52:25","modified_gmt":"2025-09-26T14:52:25","slug":"declaration-de-confidentialite-de-lue","status":"publish","type":"page","link":"https:\/\/securitysrl.net\/fr\/declaration-de-confidentialite-de-lue\/","title":{"rendered":"D\u00e9claration de confidentialit\u00e9 de l\u2019UE"},"content":{"rendered":"\t\t<div data-elementor-type=\"wp-page\" data-elementor-id=\"6948\" class=\"elementor elementor-6948 elementor-2747\" data-elementor-post-type=\"page\">\n\t\t\t\t<div class=\"elementor-element elementor-element-53a50ddb e-flex e-con-boxed e-con e-parent\" data-id=\"53a50ddb\" data-element_type=\"container\" data-settings=\"{&quot;background_background&quot;:&quot;classic&quot;,&quot;jet_parallax_layout_list&quot;:[]}\">\n\t\t\t\t\t<div class=\"e-con-inner\">\n\t\t\t\t<div class=\"elementor-element elementor-element-d154d22 elementor-widget elementor-widget-heading\" data-id=\"d154d22\" data-element_type=\"widget\" data-widget_type=\"heading.default\">\n\t\t\t\t<div class=\"elementor-widget-container\">\n\t\t\t<style>\/*! elementor - v3.21.0 - 26-05-2024 *\/\n.elementor-heading-title{padding:0;margin:0;line-height:1}.elementor-widget-heading .elementor-heading-title[class*=elementor-size-]>a{color:inherit;font-size:inherit;line-height:inherit}.elementor-widget-heading .elementor-heading-title.elementor-size-small{font-size:15px}.elementor-widget-heading .elementor-heading-title.elementor-size-medium{font-size:19px}.elementor-widget-heading .elementor-heading-title.elementor-size-large{font-size:29px}.elementor-widget-heading .elementor-heading-title.elementor-size-xl{font-size:39px}.elementor-widget-heading .elementor-heading-title.elementor-size-xxl{font-size:59px}<\/style><h2 class=\"elementor-heading-title elementor-size-default\">D\u00e9claration de confidentialit\u00e9 de l\u2019UE<\/h2>\t\t<\/div>\n\t\t\t\t<\/div>\n\t\t\t\t<div class=\"elementor-element elementor-element-6f3dfab3 elementor-widget elementor-widget-shortcode\" data-id=\"6f3dfab3\" data-element_type=\"widget\" data-widget_type=\"shortcode.default\">\n\t\t\t\t<div class=\"elementor-widget-container\">\n\t\t\t\t\t<div class=\"elementor-shortcode\">\n<!-- Legal document generated by Complianz | GDPR\/CCPA Cookie Consent https:\/\/wordpress.org\/plugins\/complianz-gdpr -->\n<div id=\"cmplz-document\" class=\"cmplz-document privacy-statement cmplz-document-eu\"><p><i>Cette d\u00e9claration de confidentialit\u00e9 a \u00e9t\u00e9 mise \u00e0 jour le 04\/03\/2025 et s\u2019applique aux citoyens et aux r\u00e9sidents permanents l\u00e9gaux de l\u2019Espace \u00e9conomique europ\u00e9en et de la Suisse.<\/i><br \/><br \/><\/p><p><p>Dans cette d\u00e9claration de confidentialit\u00e9, nous expliquons ce que nous faisons avec les donn\u00e9es que nous obtenons \u00e0 votre sujet via <a href=\"https:\/\/securitysrl.net\/fr\/\">https:\/\/securitysrl.net\/fr\/<\/a>. Nous vous recommandons de lire attentivement cette d\u00e9claration. Lors de notre traitement, nous nous conformons aux exigences de la l\u00e9gislation sur la confidentialit\u00e9. Cela signifie, entre autres, que\u00a0:<\/p><ul>\n                <li>nous indiquons clairement dans quelles finalit\u00e9s nous traitons les donn\u00e9es personnelles. Nous faisons cela au moyen de cette d\u00e9claration de confidentialit\u00e9\u00a0;<\/li>\n                <li>nous visons \u00e0 limiter notre recueil de donn\u00e9es personnelles uniquement aux donn\u00e9es personnelles n\u00e9cessaires \u00e0 des finalit\u00e9s l\u00e9gitimes;<\/li>\n                <li>nous demandons d\u2019abord votre consentement explicite pour traiter vos donn\u00e9es personnelles dans les cas n\u00e9cessitant votre consentement;<\/li>\n                <li>nous prenons des mesures de s\u00e9curit\u00e9 appropri\u00e9es afin de prot\u00e9ger vos donn\u00e9es personnelles, et nous en demandons autant des parties traitant des donn\u00e9es personnelles pour nous;<\/li>\n                <li>nous respectons votre droit de consulter, corriger ou supprimer vos donn\u00e9es personnelles si vous en formulez la demande.<\/li>\n            <\/ul><p>Si vous avez des questions ou souhaitez savoir exactement quelles donn\u00e9es nous conservons, veuillez nous contacter.<\/p><\/p><h2>1. Finalit\u00e9, donn\u00e9es et dur\u00e9e de conservation<\/h2>Nous pouvons collecter ou recevoir des informations personnelles pour un certain nombre de raisons li\u00e9es \u00e0 nos activit\u00e9s commerciales, notamment les suivantes\u00a0: (cliquez pour d\u00e9plier)<details class=\"cmplz-dropdown dropdown-privacy-statement\"><summary><div><h3>1.1 Contact - Par t\u00e9l\u00e9phone, courrier, e-mail et\/ou formulaires web<\/h3><\/div><\/summary><p class=\"cmplz-subtitle\">Dans cette finalit\u00e9, nous utilisons les donn\u00e9es suivantes\u00a0:<\/p><p><ul><li>Un pr\u00e9nom et un nom de famille<\/li><li>Un domicile ou une autre adresse physique, incluant le nom d\u2019une rue et le nom d\u2019une ville ou d\u2019un village<\/li><li>Une adresse e-mail<\/li><li>Adresse IP<\/li><li>Un num\u00e9ro de t\u00e9l\u00e9phone<\/li><\/ul><\/p><p class=\"cmplz-subtitle\">La base sur laquelle nous pouvons traiter ces donn\u00e9es est\u00a0:<\/p><p><a target=\"_blank\" rel=\"noopener noreferrer nofollow\" href=\"https:\/\/cookiedatabase.org\/legal-bases\/#consent\">Apr\u00e8s avoir donn\u00e9 son consentement.<\/a><\/p><p class=\"cmplz-subtitle\">Dur\u00e9e de conservation<\/p><p>Nous conservons ces donn\u00e9es jusqu\u2019\u00e0 la fin du service.<\/p><\/details><h2>2. Cookies<\/h2><p>Notre site web utilise des cookies. Pour plus d\u2019informations sur les cookies, veuillez vous r\u00e9f\u00e9rer \u00e0 notre <a href=\"https:\/\/securitysrl.net\/fr\/politique-relative-aux-cookies-de-lue\/\">Politique de cookies<\/a>.&nbsp;<\/p><h2>3. Pratiques de divulgation<\/h2><p><p>Nous divulguons des informations personnelles si nous y sommes tenus par la loi ou par une ordonnance du tribunal, en r\u00e9ponse \u00e0 un organisme d\u2019application de la loi, dans la mesure permise par d\u2019autres dispositions de la loi, pour fournir des informations, ou pour une enqu\u00eate sur une question li\u00e9e \u00e0 la s\u00e9curit\u00e9 publique.<\/p><p>Si notre site web ou notre organisation est repris, vendu ou impliqu\u00e9 dans une fusion ou une acquisition, vos donn\u00e9es peuvent \u00eatre divulgu\u00e9es \u00e0 nos conseillers et \u00e0 tout acheteur potentiel et seront transmises aux nouveaux propri\u00e9taires.<\/p><\/p><p>Nous avons conclu un accord de traitement des donn\u00e9es avec Google.<\/p><p>Google ne peut utiliser les donn\u00e9es pour aucun autre service Google.<\/p><p>L\u2019inclusion d\u2019adresses IP compl\u00e8tes est bloqu\u00e9e par nous.<\/p><h2>4. S\u00e9curit\u00e9<\/h2><p>Nous nous engageons \u00e0 la s\u00e9curit\u00e9 des donn\u00e9es personnelles. Nous prenons les mesures de s\u00e9curit\u00e9 appropri\u00e9es pour limiter les abus et l\u2019acc\u00e8s non autoris\u00e9 aux donn\u00e9es personnelles. Cela garantit que seules les personnes n\u00e9cessaires ont acc\u00e8s \u00e0 vos donn\u00e9es, que l\u2019acc\u00e8s aux donn\u00e9es est prot\u00e9g\u00e9 et que nos mesures de s\u00e9curit\u00e9 sont r\u00e9guli\u00e8rement revues.<\/p><h2>5. Sites web tierces parties<\/h2><p>Cette d\u00e9claration de confidentialit\u00e9 ne s\u2019applique pas aux sites web de tierces parties connect\u00e9s par des liens sur notre site web. Nous ne pouvons garantir que ces tierces parties g\u00e8rent vos donn\u00e9es personnelles de mani\u00e8re fiable ou s\u00e9curis\u00e9e. Nous vous recommandons de lire les d\u00e9clarations de confidentialit\u00e9 de ces sites web avant de les utiliser.<\/p><h2>6. Modifications apport\u00e9es \u00e0 cette d\u00e9claration de confidentialit\u00e9<\/h2><p>Nous nous r\u00e9servons le droit de modifier la pr\u00e9sente d\u00e9claration de confidentialit\u00e9. Il est recommand\u00e9 de consulter r\u00e9guli\u00e8rement cette d\u00e9claration de confidentialit\u00e9 afin de prendre connaissance de toute modification \u00e9ventuelle. De plus, nous vous informerons activement dans la mesure du possible.<\/p><h2>7. Acc\u00e9der \u00e0 vos donn\u00e9es et les modifier<\/h2><p>Si vous avez des questions ou souhaitez savoir quelles sont les donn\u00e9es personnelles que nous avons \u00e0 votre sujet, veuillez nous contacter. Vous pouvez nous contacter en utilisant les informations ci-dessous. Vous avez les droits suivants:<\/p><ul>\n                <li>Vous avez le droit de savoir pourquoi vos donn\u00e9es personnelles sont n\u00e9cessaires, ce qui leur arrivera et combien de temps elles seront conserv\u00e9es.<\/li>\n                <li>Droit d\u2019acc\u00e8s\u00a0: vous avez le droit d\u2019acc\u00e9der \u00e0 vos donn\u00e9es personnelles que nous connaissons.<\/li>\n                <li>Droit de rectification\u00a0: vous avez le droit \u00e0 tout moment de compl\u00e9ter, corriger, faire supprimer ou bloquer vos donn\u00e9es personnelles.<\/li>\n                <li>Si vous nous donnez votre consentement pour le traitement de vos donn\u00e9es, vous avez le droit de r\u00e9voquer ce consentement et de faire supprimer vos donn\u00e9es personnelles.<\/li>\n                <li>Droit de transf\u00e9rer vos donn\u00e9es\u00a0: vous avez le droit de demander toutes vos donn\u00e9es personnelles au responsable du traitement et de les transf\u00e9rer dans leur int\u00e9gralit\u00e9 \u00e0 un autre responsable du traitement.<\/li>\n                <li>Droit d\u2019opposition\u00a0: vous pouvez vous opposer au traitement de vos donn\u00e9es. Nous obtemp\u00e9rerons, \u00e0 moins que certaines raisons ne justifient ce traitement.<\/li>\n            <\/ul><p>Assurez-vous de toujours indiquer clairement qui vous \u00eates, afin que nous puissions \u00eatre certains de ne pas modifier ni supprimer les donn\u00e9es de la mauvaise personne.<\/p><h2>8. D\u00e9poser une plainte<\/h2><p>Si vous n\u2019\u00eates pas satisfait de la mani\u00e8re dont nous traitons (une r\u00e9clamation concernant) le traitement de vos donn\u00e9es personnelles, vous avez le droit de d\u00e9poser une r\u00e9clamation aupr\u00e8s de l\u2019autorit\u00e9 de protection des donn\u00e9es.<\/p><h2>9. Coordonn\u00e9es<\/h2><p>Security SRL<br \/>\n        Via Molinero 4, Zona PAIP 17100 Savona<br \/>\n        Italie<br \/>\n        Site web\u00a0: <a href=\"https:\/\/securitysrl.net\/fr\/\">https:\/\/securitysrl.net\/fr\/<\/a> <br \/>\n        E-mail\u00a0: in&#102;&#111;&#064;se&#099;uri&#116;&#121;srl&#046;ne&#116; <br \/>\n        Num\u00e9ro de t\u00e9l\u00e9phone: 0198485238<\/p><h2>Annexes<\/h2><p><h3>Really Simple SSL<\/h3>\r\nReally Simple SSL e gli add-on di Really Simple SSL non elaborano alcuna informazione personale identificativa, quindi il GDPR non si applica a questi plugin o all'uso di questi plugin sul tuo sito web. Puoi leggere la nostra privacy policy <a href=\"https:\/\/really-simple-ssl.com\/privacy-statement\/\" target=\"_blank\" rel=\"noopener\">qui<\/a>.\r\n<h3>Complianz | The Privacy Suite for WordPress<\/h3>\r\nQuesto sito web utilizza la Privacy Suite per WordPress di Complianz per raccogliere record di consenso.\u00a0Per questa funzionalit\u00e0 il tuo indirizzo IP \u00e8 reso anonimo e memorizzato nel nostro database.\u00a0Per ulteriori informazioni, vedere la <a href=\"https:\/\/complianz.io\/privacy-statement\/\" target=\"_blank\" rel=\"noopener\">Dichiarazione sulla Privacy<\/a> di Complianz.\r\n<h3>Loco Translate<\/h3>\r\nQuesto plugin non raccoglie alcun dato dai visitatori del sito web pubblico.\r\nAmministratori e revisori potrebbero voler rivedere l'<a href=\"https:\/\/localise.biz\/wordpress\/plugin\/privacy\">informativa sulla privacy del plugin<\/a> di Loco.\r\n<h3>Ultimate Member<\/h3>\r\n<h2>Quali dati personali raccogliamo e perch\u00e9 li raccogliamo<\/h2>\r\n<h3>Moduli<\/h3>\r\nUltimate Member ti fornisce moduli per la registrazione degli utenti, l'accesso e i profili.\r\n\r\nTramite questi moduli stai raccogliendo dati personali dai tuoi utenti.\r\n\r\nDovresti includere nella tua politica sulla privacy quali dati personali vengono acquisiti quando qualcuno invia\/compila uno dei moduli, perch\u00e9 li raccogli e cosa fai con questi dati e per quanto tempo li conservi.\r\n<h2>Per quanto tempo conserviamo i tuoi dati<\/h2>\r\nLe informazioni sull'utente registrato vengono conservate nel database del tuo sito Web a tempo indeterminato.\r\n\r\nI dati possono essere esportati o rimossi su richiesta degli utenti tramite l'esportatore o cancellatore di dati WordPress esistente.\r\n\r\nSe si sincronizzano i dati con un servizio di terze parti (ad es. Mailchimp tramite la nostra estensione MailChimp), i dati vengono conservati l\u00ec fino all'annullamento dell'iscrizione o all'eliminazione.\r\n<h2>Dove inviamo i tuoi dati<\/h2>\r\nPer impostazione predefinita, Ultimate Member non invia alcun dato utente al di fuori del tuo sito.\r\n\r\nSe hai esteso la funzionalit\u00e0 del plug-in (ad es. inviando dati utente registrati a MailChimp tramite la nostra estensione MailChimp, queste informazioni utente potrebbero essere trasmesse a questi servizi esterni. Questi servizi potrebbero trovarsi all'estero e al di fuori dell'UE.<\/p><\/div><\/div>\n\t\t\t\t<\/div>\n\t\t\t\t<\/div>\n\t\t\t\t\t<\/div>\n\t\t\t\t<\/div>\n\t\t\t\t<\/div>\n\t\t","protected":false},"excerpt":{"rendered":"","protected":false},"author":1,"featured_media":0,"parent":0,"menu_order":0,"comment_status":"closed","ping_status":"closed","template":"","meta":{"footnotes":""},"class_list":["post-6948","page","type-page","status-publish","hentry"],"acf":[],"_links":{"self":[{"href":"https:\/\/securitysrl.net\/fr\/wp-json\/wp\/v2\/pages\/6948"}],"collection":[{"href":"https:\/\/securitysrl.net\/fr\/wp-json\/wp\/v2\/pages"}],"about":[{"href":"https:\/\/securitysrl.net\/fr\/wp-json\/wp\/v2\/types\/page"}],"author":[{"embeddable":true,"href":"https:\/\/securitysrl.net\/fr\/wp-json\/wp\/v2\/users\/1"}],"replies":[{"embeddable":true,"href":"https:\/\/securitysrl.net\/fr\/wp-json\/wp\/v2\/comments?post=6948"}],"version-history":[{"count":1,"href":"https:\/\/securitysrl.net\/fr\/wp-json\/wp\/v2\/pages\/6948\/revisions"}],"predecessor-version":[{"id":6949,"href":"https:\/\/securitysrl.net\/fr\/wp-json\/wp\/v2\/pages\/6948\/revisions\/6949"}],"wp:attachment":[{"href":"https:\/\/securitysrl.net\/fr\/wp-json\/wp\/v2\/media?parent=6948"}],"curies":[{"name":"wp","href":"https:\/\/api.w.org\/{rel}","templated":true}]}}