{"id":6716,"date":"2021-07-22T11:31:33","date_gmt":"2021-07-22T09:31:33","guid":{"rendered":"https:\/\/securitysrl.net\/tarifs\/"},"modified":"2025-09-26T18:12:52","modified_gmt":"2025-09-26T16:12:52","slug":"tarifs","status":"publish","type":"page","link":"https:\/\/securitysrl.net\/fr\/tarifs\/","title":{"rendered":"TARIFS"},"content":{"rendered":"\t\t<div data-elementor-type=\"wp-page\" data-elementor-id=\"6716\" class=\"elementor elementor-6716 elementor-2688\" data-elementor-post-type=\"page\">\n\t\t\t\t<div class=\"elementor-element elementor-element-d7d6eba e-flex e-con-boxed e-con e-parent\" data-id=\"d7d6eba\" data-element_type=\"container\" data-settings=\"{&quot;jet_parallax_layout_list&quot;:[]}\">\n\t\t\t\t\t<div class=\"e-con-inner\">\n\t\t\t\t<div class=\"elementor-element elementor-element-bcb3743 elementor-widget elementor-widget-heading\" data-id=\"bcb3743\" data-element_type=\"widget\" data-widget_type=\"heading.default\">\n\t\t\t\t<div class=\"elementor-widget-container\">\n\t\t\t<style>\/*! elementor - v3.21.0 - 26-05-2024 *\/\n.elementor-heading-title{padding:0;margin:0;line-height:1}.elementor-widget-heading .elementor-heading-title[class*=elementor-size-]>a{color:inherit;font-size:inherit;line-height:inherit}.elementor-widget-heading .elementor-heading-title.elementor-size-small{font-size:15px}.elementor-widget-heading .elementor-heading-title.elementor-size-medium{font-size:19px}.elementor-widget-heading .elementor-heading-title.elementor-size-large{font-size:29px}.elementor-widget-heading .elementor-heading-title.elementor-size-xl{font-size:39px}.elementor-widget-heading .elementor-heading-title.elementor-size-xxl{font-size:59px}<\/style><h2 class=\"elementor-heading-title elementor-size-default\">TARIFS<\/h2>\t\t<\/div>\n\t\t\t\t<\/div>\n\t\t\t\t\t<\/div>\n\t\t\t\t<\/div>\n\t\t<div class=\"elementor-element elementor-element-0ff75ca e-flex e-con-boxed e-con e-parent\" data-id=\"0ff75ca\" data-element_type=\"container\" data-settings=\"{&quot;jet_parallax_layout_list&quot;:[]}\">\n\t\t\t\t\t<div class=\"e-con-inner\">\n\t\t<div class=\"elementor-element elementor-element-991d8a8 e-con-full e-flex e-con e-child\" data-id=\"991d8a8\" data-element_type=\"container\" data-settings=\"{&quot;jet_parallax_layout_list&quot;:[]}\">\n\t\t\t\t<div class=\"elementor-element elementor-element-c05188a elementor-widget elementor-widget-heading\" data-id=\"c05188a\" data-element_type=\"widget\" data-widget_type=\"heading.default\">\n\t\t\t\t<div class=\"elementor-widget-container\">\n\t\t\t<h2 class=\"elementor-heading-title elementor-size-default\"><a href=\"https:\/\/securitysrl.net\/wp-content\/uploads\/2023\/10\/10839-LISTINO-AVVOLGIBILI-2023_v1_3-12_23.pdf\">TARIF G\u00c9N\u00c9RAL SCT 2023 v 1.3 12\/23<\/a><\/h2>\t\t<\/div>\n\t\t\t\t<\/div>\n\t\t\t\t<div class=\"elementor-element elementor-element-0cd3019 elementor-widget elementor-widget-image\" data-id=\"0cd3019\" data-element_type=\"widget\" data-widget_type=\"image.default\">\n\t\t\t\t<div class=\"elementor-widget-container\">\n\t\t\t<style>\/*! elementor - v3.21.0 - 26-05-2024 *\/\n.elementor-widget-image{text-align:center}.elementor-widget-image a{display:inline-block}.elementor-widget-image a img[src$=\".svg\"]{width:48px}.elementor-widget-image img{vertical-align:middle;display:inline-block}<\/style>\t\t\t\t\t\t\t\t\t\t\t<a href=\"https:\/\/securitysrl.net\/wp-content\/uploads\/2023\/10\/10839-LISTINO-AVVOLGIBILI-2023_v1_3-12_23.pdf\">\n\t\t\t\t\t\t\t<img fetchpriority=\"high\" decoding=\"async\" width=\"595\" height=\"841\" src=\"https:\/\/securitysrl.net\/wp-content\/uploads\/2024\/08\/10576-LOW-LISTINO-AVVOLGIBILI-2023-1.jpg\" class=\"elementor-animation-grow attachment-full size-full wp-image-5766\" alt=\"\" srcset=\"https:\/\/securitysrl.net\/wp-content\/uploads\/2024\/08\/10576-LOW-LISTINO-AVVOLGIBILI-2023-1.jpg 595w, https:\/\/securitysrl.net\/wp-content\/uploads\/2024\/08\/10576-LOW-LISTINO-AVVOLGIBILI-2023-1-212x300.jpg 212w\" sizes=\"(max-width: 595px) 100vw, 595px\" \/>\t\t\t\t\t\t\t\t<\/a>\n\t\t\t\t\t\t\t\t\t\t\t\t\t<\/div>\n\t\t\t\t<\/div>\n\t\t\t\t<div class=\"elementor-element elementor-element-c3d52b3 elementor-widget elementor-widget-heading\" data-id=\"c3d52b3\" data-element_type=\"widget\" data-widget_type=\"heading.default\">\n\t\t\t\t<div class=\"elementor-widget-container\">\n\t\t\t<h2 class=\"elementor-heading-title elementor-size-default\"><a href=\"https:\/\/securitysrl.net\/wp-content\/uploads\/2023\/10\/10839-LISTINO-AVVOLGIBILI-2023_v1_3-12_23.pdf\">VOLETS ROULANTS, RIDEAUX M\u00c9TALLIQUES, STORES, MOTEURS ET AUTOMATISMES, COFFRES, TRAVAUX EN ALUMINIUM, BRISE-SOLEIL<\/a><\/h2>\t\t<\/div>\n\t\t\t\t<\/div>\n\t\t\t\t<\/div>\n\t\t<div class=\"elementor-element elementor-element-5c64ed4 e-con-full e-flex e-con e-child\" data-id=\"5c64ed4\" data-element_type=\"container\" data-settings=\"{&quot;jet_parallax_layout_list&quot;:[]}\">\n\t\t\t\t<div class=\"elementor-element elementor-element-e8312d3 elementor-widget elementor-widget-heading\" data-id=\"e8312d3\" data-element_type=\"widget\" data-widget_type=\"heading.default\">\n\t\t\t\t<div class=\"elementor-widget-container\">\n\t\t\t<h2 class=\"elementor-heading-title elementor-size-default\"><a href=\"https:\/\/securitysrl.net\/wp-content\/uploads\/2023\/08\/10660-LOW-LISTINO-VETRATE-E-COPERTURE.pdf\">TARIF VITRAGES ET COUVERTURES SCT 2023 v 1.1 10\/23<\/a><\/h2>\t\t<\/div>\n\t\t\t\t<\/div>\n\t\t\t\t<div class=\"elementor-element elementor-element-fd5444a elementor-widget elementor-widget-image\" data-id=\"fd5444a\" data-element_type=\"widget\" data-widget_type=\"image.default\">\n\t\t\t\t<div class=\"elementor-widget-container\">\n\t\t\t\t\t\t\t\t\t\t\t\t\t\t<a href=\"https:\/\/securitysrl.net\/wp-content\/uploads\/2023\/08\/10660-LOW-LISTINO-VETRATE-E-COPERTURE.pdf\">\n\t\t\t\t\t\t\t<img decoding=\"async\" width=\"595\" height=\"841\" src=\"https:\/\/securitysrl.net\/wp-content\/uploads\/2024\/08\/10660-LOW-LISTINO-VETRATE-E-COPERTURE-1.jpg\" class=\"elementor-animation-grow attachment-full size-full wp-image-5767\" alt=\"\" srcset=\"https:\/\/securitysrl.net\/wp-content\/uploads\/2024\/08\/10660-LOW-LISTINO-VETRATE-E-COPERTURE-1.jpg 595w, https:\/\/securitysrl.net\/wp-content\/uploads\/2024\/08\/10660-LOW-LISTINO-VETRATE-E-COPERTURE-1-212x300.jpg 212w\" sizes=\"(max-width: 595px) 100vw, 595px\" \/>\t\t\t\t\t\t\t\t<\/a>\n\t\t\t\t\t\t\t\t\t\t\t\t\t<\/div>\n\t\t\t\t<\/div>\n\t\t\t\t<div class=\"elementor-element elementor-element-f5138fb elementor-widget elementor-widget-heading\" data-id=\"f5138fb\" data-element_type=\"widget\" data-widget_type=\"heading.default\">\n\t\t\t\t<div class=\"elementor-widget-container\">\n\t\t\t<h2 class=\"elementor-heading-title elementor-size-default\"><a href=\"https:\/\/securitysrl.net\/wp-content\/uploads\/2023\/08\/10660-LOW-LISTINO-VETRATE-E-COPERTURE.pdf\">PERGOLAS, COUVERTURES, VOILES, BIOCLIMATIQUES, VITRAGES<\/a><\/h2>\t\t<\/div>\n\t\t\t\t<\/div>\n\t\t\t\t<\/div>\n\t\t<div class=\"elementor-element elementor-element-0e797bb e-con-full e-flex e-con e-child\" data-id=\"0e797bb\" data-element_type=\"container\" data-settings=\"{&quot;jet_parallax_layout_list&quot;:[]}\">\n\t\t\t\t<div class=\"elementor-element elementor-element-6bb7c18 elementor-widget elementor-widget-heading\" data-id=\"6bb7c18\" data-element_type=\"widget\" data-widget_type=\"heading.default\">\n\t\t\t\t<div class=\"elementor-widget-container\">\n\t\t\t<h2 class=\"elementor-heading-title elementor-size-default\"><a href=\"https:\/\/securitysrl.net\/wp-content\/uploads\/2024\/02\/10575-LISTINO-CHIUSURE-VERTICALI-PER-ESTERNO-NO-TESSUTI.pdf\">TARIF FERMETURES VERTICALES SCT 2023 v 1.0 09\/23<\/a><\/h2>\t\t<\/div>\n\t\t\t\t<\/div>\n\t\t\t\t<div class=\"elementor-element elementor-element-04f5ee9 elementor-widget elementor-widget-image\" data-id=\"04f5ee9\" data-element_type=\"widget\" data-widget_type=\"image.default\">\n\t\t\t\t<div class=\"elementor-widget-container\">\n\t\t\t\t\t\t\t\t\t\t\t\t\t\t<a href=\"https:\/\/securitysrl.net\/wp-content\/uploads\/2024\/02\/10575-LISTINO-CHIUSURE-VERTICALI-PER-ESTERNO-NO-TESSUTI.pdf\">\n\t\t\t\t\t\t\t<img decoding=\"async\" width=\"1276\" height=\"1799\" src=\"https:\/\/securitysrl.net\/wp-content\/uploads\/2024\/08\/Screenshot-2024-08-30-alle-11.57.24-e1725281381882.png\" class=\"elementor-animation-grow attachment-full size-full wp-image-5768\" alt=\"\" srcset=\"https:\/\/securitysrl.net\/wp-content\/uploads\/2024\/08\/Screenshot-2024-08-30-alle-11.57.24-e1725281381882.png 1276w, https:\/\/securitysrl.net\/wp-content\/uploads\/2024\/08\/Screenshot-2024-08-30-alle-11.57.24-e1725281381882-213x300.png 213w, https:\/\/securitysrl.net\/wp-content\/uploads\/2024\/08\/Screenshot-2024-08-30-alle-11.57.24-e1725281381882-726x1024.png 726w, https:\/\/securitysrl.net\/wp-content\/uploads\/2024\/08\/Screenshot-2024-08-30-alle-11.57.24-e1725281381882-768x1083.png 768w, https:\/\/securitysrl.net\/wp-content\/uploads\/2024\/08\/Screenshot-2024-08-30-alle-11.57.24-e1725281381882-1089x1536.png 1089w\" sizes=\"(max-width: 1276px) 100vw, 1276px\" \/>\t\t\t\t\t\t\t\t<\/a>\n\t\t\t\t\t\t\t\t\t\t\t\t\t<\/div>\n\t\t\t\t<\/div>\n\t\t\t\t<div class=\"elementor-element elementor-element-c1bb051 elementor-widget elementor-widget-heading\" data-id=\"c1bb051\" data-element_type=\"widget\" data-widget_type=\"heading.default\">\n\t\t\t\t<div class=\"elementor-widget-container\">\n\t\t\t<h2 class=\"elementor-heading-title elementor-size-default\"><a href=\"https:\/\/securitysrl.net\/wp-content\/uploads\/2024\/02\/10575-LISTINO-CHIUSURE-VERTICALI-PER-ESTERNO-NO-TESSUTI.pdf\">STORES \u00c0 ENROULEMENT AVEC SYST\u00c8ME ZIP POUR EXT\u00c9RIEUR, STORES \u00c0 ENROULEMENT ENCASTR\u00c9S AVEC SYST\u00c8ME ZIP POUR EXT\u00c9RIEUR, STORES \u00c0 ENROULEMENT AVEC GUIDES C\u00c2BL\u00c9S POUR EXT\u00c9RIEUR, STORES \u00c0 ENROULEMENT HORIZONTAUX<\/a><\/h2>\t\t<\/div>\n\t\t\t\t<\/div>\n\t\t\t\t<\/div>\n\t\t<div class=\"elementor-element elementor-element-637efff e-con-full e-flex e-con e-child\" data-id=\"637efff\" data-element_type=\"container\" data-settings=\"{&quot;jet_parallax_layout_list&quot;:[]}\">\n\t\t\t\t<div class=\"elementor-element elementor-element-a4c601d elementor-widget elementor-widget-heading\" data-id=\"a4c601d\" data-element_type=\"widget\" data-widget_type=\"heading.default\">\n\t\t\t\t<div class=\"elementor-widget-container\">\n\t\t\t<h2 class=\"elementor-heading-title elementor-size-default\"><a href=\"https:\/\/securitysrl.net\/wp-content\/uploads\/2023\/08\/10444-LOW-LISTINO-TECNICO-2023.pdf\">TARIF STORES TECHNIQUES SCT 2023<\/a><\/h2>\t\t<\/div>\n\t\t\t\t<\/div>\n\t\t\t\t<div class=\"elementor-element elementor-element-a933695 elementor-widget elementor-widget-image\" data-id=\"a933695\" data-element_type=\"widget\" data-widget_type=\"image.default\">\n\t\t\t\t<div class=\"elementor-widget-container\">\n\t\t\t\t\t\t\t\t\t\t\t\t\t\t<a href=\"https:\/\/securitysrl.net\/wp-content\/uploads\/2023\/08\/10444-LOW-LISTINO-TECNICO-2023.pdf\">\n\t\t\t\t\t\t\t<img loading=\"lazy\" decoding=\"async\" width=\"595\" height=\"841\" src=\"https:\/\/securitysrl.net\/wp-content\/uploads\/2024\/08\/10444-LOW-LISTINO-TECNICO-2023-1.jpg\" class=\"elementor-animation-grow attachment-full size-full wp-image-5769\" alt=\"\" srcset=\"https:\/\/securitysrl.net\/wp-content\/uploads\/2024\/08\/10444-LOW-LISTINO-TECNICO-2023-1.jpg 595w, https:\/\/securitysrl.net\/wp-content\/uploads\/2024\/08\/10444-LOW-LISTINO-TECNICO-2023-1-212x300.jpg 212w\" sizes=\"(max-width: 595px) 100vw, 595px\" \/>\t\t\t\t\t\t\t\t<\/a>\n\t\t\t\t\t\t\t\t\t\t\t\t\t<\/div>\n\t\t\t\t<\/div>\n\t\t\t\t<div class=\"elementor-element elementor-element-7b835be elementor-widget elementor-widget-heading\" data-id=\"7b835be\" data-element_type=\"widget\" data-widget_type=\"heading.default\">\n\t\t\t\t<div class=\"elementor-widget-container\">\n\t\t\t<h2 class=\"elementor-heading-title elementor-size-default\"><a href=\"https:\/\/securitysrl.net\/wp-content\/uploads\/2023\/08\/10444-LOW-LISTINO-TECNICO-2023.pdf\">STORES \u00c0 ENROULEMENT, STORES V\u00c9NITIENS, STORES \u00c0 BANDES VERTICALES, STORES PLISS\u00c9S<\/a><\/h2>\t\t<\/div>\n\t\t\t\t<\/div>\n\t\t\t\t<\/div>\n\t\t<div class=\"elementor-element elementor-element-409c613 e-con-full e-flex e-con e-child\" data-id=\"409c613\" data-element_type=\"container\" data-settings=\"{&quot;jet_parallax_layout_list&quot;:[]}\">\n\t\t\t\t<div class=\"elementor-element elementor-element-982894c elementor-widget elementor-widget-heading\" data-id=\"982894c\" data-element_type=\"widget\" data-widget_type=\"heading.default\">\n\t\t\t\t<div class=\"elementor-widget-container\">\n\t\t\t<h2 class=\"elementor-heading-title elementor-size-default\"><a href=\"https:\/\/securitysrl.net\/wp-content\/uploads\/2023\/08\/LISTINO-ZANZARIERE-GRIFHO-23.pdf\">\nTARIF MOUSTIQUAIRES SCT 2023<\/a><\/h2>\t\t<\/div>\n\t\t\t\t<\/div>\n\t\t\t\t<div class=\"elementor-element elementor-element-92017f4 elementor-widget elementor-widget-image\" data-id=\"92017f4\" data-element_type=\"widget\" data-widget_type=\"image.default\">\n\t\t\t\t<div class=\"elementor-widget-container\">\n\t\t\t\t\t\t\t\t\t\t\t\t\t\t<a href=\"https:\/\/securitysrl.net\/wp-content\/uploads\/2023\/08\/LISTINO-ZANZARIERE-GRIFHO-23.pdf\">\n\t\t\t\t\t\t\t<img loading=\"lazy\" decoding=\"async\" width=\"595\" height=\"842\" src=\"https:\/\/securitysrl.net\/wp-content\/uploads\/2024\/08\/COPERTINA-LISTINO-ZANZARIERE.jpg\" class=\"elementor-animation-grow attachment-full size-full wp-image-5770\" alt=\"\" srcset=\"https:\/\/securitysrl.net\/wp-content\/uploads\/2024\/08\/COPERTINA-LISTINO-ZANZARIERE.jpg 595w, https:\/\/securitysrl.net\/wp-content\/uploads\/2024\/08\/COPERTINA-LISTINO-ZANZARIERE-212x300.jpg 212w\" sizes=\"(max-width: 595px) 100vw, 595px\" \/>\t\t\t\t\t\t\t\t<\/a>\n\t\t\t\t\t\t\t\t\t\t\t\t\t<\/div>\n\t\t\t\t<\/div>\n\t\t\t\t<div class=\"elementor-element elementor-element-0c8ce7b elementor-widget elementor-widget-heading\" data-id=\"0c8ce7b\" data-element_type=\"widget\" data-widget_type=\"heading.default\">\n\t\t\t\t<div class=\"elementor-widget-container\">\n\t\t\t<h2 class=\"elementor-heading-title elementor-size-default\"><a href=\"https:\/\/securitysrl.net\/wp-content\/uploads\/2023\/08\/LISTINO-ZANZARIERE-GRIFHO-23.pdf\">MOUSTIQUAIRES EN FEUILLURE, MOUSTIQUAIRES ENCASTR\u00c9ES, MOUSTIQUAIRES \u00c0 PANNEAUX<\/a><\/h2>\t\t<\/div>\n\t\t\t\t<\/div>\n\t\t\t\t<\/div>\n\t\t\t\t\t<\/div>\n\t\t\t\t<\/div>\n\t\t<div class=\"elementor-element elementor-element-03eeb33 e-flex e-con-boxed e-con e-parent\" data-id=\"03eeb33\" data-element_type=\"container\" data-settings=\"{&quot;jet_parallax_layout_list&quot;:[]}\">\n\t\t\t\t\t<div class=\"e-con-inner\">\n\t\t<div class=\"elementor-element elementor-element-f75b6d3 e-con-full e-flex e-con e-child\" data-id=\"f75b6d3\" data-element_type=\"container\" data-settings=\"{&quot;jet_parallax_layout_list&quot;:[]}\">\n\t\t\t\t<div class=\"elementor-element elementor-element-d7755ef elementor-widget elementor-widget-heading\" data-id=\"d7755ef\" data-element_type=\"widget\" data-widget_type=\"heading.default\">\n\t\t\t\t<div class=\"elementor-widget-container\">\n\t\t\t<h2 class=\"elementor-heading-title elementor-size-default\"><a href=\"https:\/\/securitysrl.net\/wp-content\/uploads\/2025\/01\/10691-LISTINO-SFUSO-R_1_6-01-24.pdf\">TARIF STORES BANNE EN VRAC SCT 2023 v 1.6 1\/24<\/a><\/h2>\t\t<\/div>\n\t\t\t\t<\/div>\n\t\t\t\t<div class=\"elementor-element elementor-element-02d78d9 elementor-widget elementor-widget-image\" data-id=\"02d78d9\" data-element_type=\"widget\" data-widget_type=\"image.default\">\n\t\t\t\t<div class=\"elementor-widget-container\">\n\t\t\t\t\t\t\t\t\t\t\t\t\t\t<a href=\"https:\/\/securitysrl.net\/wp-content\/uploads\/2025\/01\/10691-LISTINO-SFUSO-R_1_6-01-24.pdf\">\n\t\t\t\t\t\t\t<img loading=\"lazy\" decoding=\"async\" width=\"600\" height=\"849\" src=\"https:\/\/securitysrl.net\/wp-content\/uploads\/2025\/01\/10691-LISTINO-SFUSO-R_1_6-01-24-1.jpg\" class=\"elementor-animation-grow attachment-full size-full wp-image-5771\" alt=\"\" srcset=\"https:\/\/securitysrl.net\/wp-content\/uploads\/2025\/01\/10691-LISTINO-SFUSO-R_1_6-01-24-1.jpg 600w, https:\/\/securitysrl.net\/wp-content\/uploads\/2025\/01\/10691-LISTINO-SFUSO-R_1_6-01-24-1-212x300.jpg 212w\" sizes=\"(max-width: 600px) 100vw, 600px\" \/>\t\t\t\t\t\t\t\t<\/a>\n\t\t\t\t\t\t\t\t\t\t\t\t\t<\/div>\n\t\t\t\t<\/div>\n\t\t\t\t<div class=\"elementor-element elementor-element-a07a8e9 elementor-widget elementor-widget-heading\" data-id=\"a07a8e9\" data-element_type=\"widget\" data-widget_type=\"heading.default\">\n\t\t\t\t<div class=\"elementor-widget-container\">\n\t\t\t<h2 class=\"elementor-heading-title elementor-size-default\"><a href=\"https:\/\/securitysrl.net\/wp-content\/uploads\/2025\/01\/10691-LISTINO-SFUSO-R_1_6-01-24.pdf\">STORES BANNES<\/a><\/h2>\t\t<\/div>\n\t\t\t\t<\/div>\n\t\t\t\t<\/div>\n\t\t<div class=\"elementor-element elementor-element-e870b5f e-con-full e-flex e-con e-child\" data-id=\"e870b5f\" data-element_type=\"container\" data-settings=\"{&quot;jet_parallax_layout_list&quot;:[]}\">\n\t\t\t\t<\/div>\n\t\t<div class=\"elementor-element elementor-element-1a4ac88 e-con-full e-flex e-con e-child\" data-id=\"1a4ac88\" data-element_type=\"container\" data-settings=\"{&quot;jet_parallax_layout_list&quot;:[]}\">\n\t\t\t\t<\/div>\n\t\t<div class=\"elementor-element elementor-element-acc3f96 e-con-full e-flex e-con e-child\" data-id=\"acc3f96\" data-element_type=\"container\" data-settings=\"{&quot;jet_parallax_layout_list&quot;:[]}\">\n\t\t\t\t<\/div>\n\t\t<div class=\"elementor-element elementor-element-ad839e7 e-con-full e-flex e-con e-child\" data-id=\"ad839e7\" data-element_type=\"container\" data-settings=\"{&quot;jet_parallax_layout_list&quot;:[]}\">\n\t\t\t\t<\/div>\n\t\t\t\t\t<\/div>\n\t\t\t\t<\/div>\n\t\t\t\t<\/div>\n\t\t","protected":false},"excerpt":{"rendered":"<p>TARIFS TARIF G\u00c9N\u00c9RAL SCT 2023 v 1.3 12\/23 VOLETS ROULANTS, RIDEAUX M\u00c9TALLIQUES, STORES, MOTEURS ET AUTOMATISMES, COFFRES, TRAVAUX EN ALUMINIUM, BRISE-SOLEIL TARIF VITRAGES ET COUVERTURES SCT 2023 v 1.1 10\/23 PERGOLAS, COUVERTURES, VOILES, BIOCLIMATIQUES, VITRAGES TARIF FERMETURES VERTICALES SCT 2023 v 1.0 09\/23 STORES \u00c0 ENROULEMENT AVEC SYST\u00c8ME ZIP POUR EXT\u00c9RIEUR, STORES \u00c0 ENROULEMENT ENCASTR\u00c9S [&hellip;]<\/p>\n","protected":false},"author":1,"featured_media":0,"parent":0,"menu_order":0,"comment_status":"closed","ping_status":"closed","template":"","meta":{"footnotes":""},"class_list":["post-6716","page","type-page","status-publish","hentry"],"acf":[],"_links":{"self":[{"href":"https:\/\/securitysrl.net\/fr\/wp-json\/wp\/v2\/pages\/6716"}],"collection":[{"href":"https:\/\/securitysrl.net\/fr\/wp-json\/wp\/v2\/pages"}],"about":[{"href":"https:\/\/securitysrl.net\/fr\/wp-json\/wp\/v2\/types\/page"}],"author":[{"embeddable":true,"href":"https:\/\/securitysrl.net\/fr\/wp-json\/wp\/v2\/users\/1"}],"replies":[{"embeddable":true,"href":"https:\/\/securitysrl.net\/fr\/wp-json\/wp\/v2\/comments?post=6716"}],"version-history":[{"count":2,"href":"https:\/\/securitysrl.net\/fr\/wp-json\/wp\/v2\/pages\/6716\/revisions"}],"predecessor-version":[{"id":6956,"href":"https:\/\/securitysrl.net\/fr\/wp-json\/wp\/v2\/pages\/6716\/revisions\/6956"}],"wp:attachment":[{"href":"https:\/\/securitysrl.net\/fr\/wp-json\/wp\/v2\/media?parent=6716"}],"curies":[{"name":"wp","href":"https:\/\/api.w.org\/{rel}","templated":true}]}}