{"id":5898,"date":"2019-03-21T12:37:47","date_gmt":"2019-03-21T10:37:47","guid":{"rendered":"https:\/\/securitysrl.net\/entreprise\/"},"modified":"2025-09-23T12:08:53","modified_gmt":"2025-09-23T10:08:53","slug":"entreprise","status":"publish","type":"page","link":"https:\/\/securitysrl.net\/fr\/entreprise\/","title":{"rendered":"ENTREPRISE"},"content":{"rendered":"\t\t<div data-elementor-type=\"wp-page\" data-elementor-id=\"5898\" class=\"elementor elementor-5898 elementor-1234\" data-elementor-post-type=\"page\">\n\t\t\t\t<div class=\"elementor-element elementor-element-5743ffc4 e-flex e-con-boxed e-con e-parent\" data-id=\"5743ffc4\" data-element_type=\"container\" data-settings=\"{&quot;jet_parallax_layout_list&quot;:[],&quot;background_background&quot;:&quot;classic&quot;}\">\n\t\t\t\t\t<div class=\"e-con-inner\">\n\t\t\t\t<div class=\"elementor-element elementor-element-30ef154 elementor-widget elementor-widget-heading\" data-id=\"30ef154\" data-element_type=\"widget\" data-widget_type=\"heading.default\">\n\t\t\t\t<div class=\"elementor-widget-container\">\n\t\t\t<style>\/*! elementor - v3.21.0 - 26-05-2024 *\/\n.elementor-heading-title{padding:0;margin:0;line-height:1}.elementor-widget-heading .elementor-heading-title[class*=elementor-size-]>a{color:inherit;font-size:inherit;line-height:inherit}.elementor-widget-heading .elementor-heading-title.elementor-size-small{font-size:15px}.elementor-widget-heading .elementor-heading-title.elementor-size-medium{font-size:19px}.elementor-widget-heading .elementor-heading-title.elementor-size-large{font-size:29px}.elementor-widget-heading .elementor-heading-title.elementor-size-xl{font-size:39px}.elementor-widget-heading .elementor-heading-title.elementor-size-xxl{font-size:59px}<\/style><h2 class=\"elementor-heading-title elementor-size-default\">SECURITY SRL<\/h2>\t\t<\/div>\n\t\t\t\t<\/div>\n\t\t\t\t<div class=\"elementor-element elementor-element-64a02d8 elementor-widget elementor-widget-image\" data-id=\"64a02d8\" data-element_type=\"widget\" data-widget_type=\"image.default\">\n\t\t\t\t<div class=\"elementor-widget-container\">\n\t\t\t<style>\/*! elementor - v3.21.0 - 26-05-2024 *\/\n.elementor-widget-image{text-align:center}.elementor-widget-image a{display:inline-block}.elementor-widget-image a img[src$=\".svg\"]{width:48px}.elementor-widget-image img{vertical-align:middle;display:inline-block}<\/style>\t\t\t\t\t\t\t\t\t\t<img fetchpriority=\"high\" decoding=\"async\" width=\"2560\" height=\"639\" src=\"https:\/\/securitysrl.net\/wp-content\/uploads\/2024\/09\/unnamed-file.jpg\" class=\"attachment-full size-full wp-image-4966\" alt=\"\" srcset=\"https:\/\/securitysrl.net\/wp-content\/uploads\/2024\/09\/unnamed-file.jpg 2560w, https:\/\/securitysrl.net\/wp-content\/uploads\/2024\/09\/unnamed-file-300x75.jpg 300w, https:\/\/securitysrl.net\/wp-content\/uploads\/2024\/09\/unnamed-file-1024x256.jpg 1024w, https:\/\/securitysrl.net\/wp-content\/uploads\/2024\/09\/unnamed-file-768x192.jpg 768w, https:\/\/securitysrl.net\/wp-content\/uploads\/2024\/09\/unnamed-file-1536x383.jpg 1536w, https:\/\/securitysrl.net\/wp-content\/uploads\/2024\/09\/unnamed-file-2048x511.jpg 2048w\" sizes=\"(max-width: 2560px) 100vw, 2560px\" \/>\t\t\t\t\t\t\t\t\t\t\t\t\t<\/div>\n\t\t\t\t<\/div>\n\t\t\t\t<div class=\"elementor-element elementor-element-b3a419c elementor-widget elementor-widget-heading\" data-id=\"b3a419c\" data-element_type=\"widget\" data-widget_type=\"heading.default\">\n\t\t\t\t<div class=\"elementor-widget-container\">\n\t\t\t<h2 class=\"elementor-heading-title elementor-size-default\">ENTREPRISE<\/h2>\t\t<\/div>\n\t\t\t\t<\/div>\n\t\t\t\t<div class=\"elementor-element elementor-element-e0ea243 elementor-widget elementor-widget-heading\" data-id=\"e0ea243\" data-element_type=\"widget\" data-widget_type=\"heading.default\">\n\t\t\t\t<div class=\"elementor-widget-container\">\n\t\t\t<h2 class=\"elementor-heading-title elementor-size-default\">SECURITY srl, tra le <b>prime aziende del settore in Liguria<\/b>, produce a <b>marchio SCT<\/b> tende da sole, vetrate panoramiche VEPA, avvolgibili in acciaio, alluminio coibentato, alluminio estruso e PVC.\nSECURITY SRL offre da sempre una grande scelta di prodotti di altissima qualit\u00e0 commercializzando all'ingrosso tutto ci\u00f2 che \u00e8 schermatura solare: tende tecniche, veneziane, frangisole, zanzariere e chiusure ermetiche per esterno.\n\nNel corso degli ultimi anni la nostra produzione si \u00e8 arricchita con un'ampia variet\u00e0 di cassonetti esterni, interni e a scomparsa, tutti con la possibilit\u00e0 di allestimento certificato per isolamento termico ed acustico.\n\nSECURITY SRL investe costantemente per il miglioramento di ogni attivit\u00e0 e punta ad offrire soluzioni tecnologiche sempre al passo con i tempi. Per questo abbiamo ampliato la nostra sede trasferendoci nel 2021 in un nuovo sito di produzione di oltre 2000 metri quadri con ampia logistica interna ed esterna per garantire la massima efficienza e tempestivit\u00e0 sulla consegna delle commesse. Tempestivit\u00e0 supportata anche dalla nostra flotta di mezzi dedicati all'evasione in tempi rapidissimi degli ordinativi. La soddisfazione della clientela e la cura dedicata alle fasi di pre e post vendita, rimangono l'obiettivo primario per SECURITY SRL.<\/h2>\t\t<\/div>\n\t\t\t\t<\/div>\n\t\t<div class=\"elementor-element elementor-element-df01868 e-grid e-con-boxed e-con e-child\" data-id=\"df01868\" data-element_type=\"container\" data-settings=\"{&quot;jet_parallax_layout_list&quot;:[]}\">\n\t\t\t\t\t<div class=\"e-con-inner\">\n\t\t\t\t<div class=\"elementor-element elementor-element-55df9e8 elementor-widget elementor-widget-image\" data-id=\"55df9e8\" data-element_type=\"widget\" data-widget_type=\"image.default\">\n\t\t\t\t<div class=\"elementor-widget-container\">\n\t\t\t\t\t\t\t\t\t\t\t\t\t<img decoding=\"async\" width=\"800\" height=\"534\" src=\"https:\/\/securitysrl.net\/wp-content\/uploads\/2024\/09\/AZIENDA-1-1024x683.jpg\" class=\"attachment-large size-large wp-image-5899\" alt=\"\" srcset=\"https:\/\/securitysrl.net\/wp-content\/uploads\/2024\/09\/AZIENDA-1-1024x683.jpg 1024w, https:\/\/securitysrl.net\/wp-content\/uploads\/2024\/09\/AZIENDA-1-300x200.jpg 300w, https:\/\/securitysrl.net\/wp-content\/uploads\/2024\/09\/AZIENDA-1-768x512.jpg 768w, https:\/\/securitysrl.net\/wp-content\/uploads\/2024\/09\/AZIENDA-1-1536x1024.jpg 1536w, https:\/\/securitysrl.net\/wp-content\/uploads\/2024\/09\/AZIENDA-1-2048x1366.jpg 2048w\" sizes=\"(max-width: 800px) 100vw, 800px\" \/>\t\t\t\t\t\t\t\t\t\t\t\t\t<\/div>\n\t\t\t\t<\/div>\n\t\t\t\t<div class=\"elementor-element elementor-element-d55884c elementor-widget elementor-widget-image\" data-id=\"d55884c\" data-element_type=\"widget\" data-widget_type=\"image.default\">\n\t\t\t\t<div class=\"elementor-widget-container\">\n\t\t\t\t\t\t\t\t\t\t\t\t\t<img decoding=\"async\" width=\"800\" height=\"534\" src=\"https:\/\/securitysrl.net\/wp-content\/uploads\/2024\/09\/AZIENDA-2-1024x683.jpg\" class=\"attachment-large size-large wp-image-5900\" alt=\"\" srcset=\"https:\/\/securitysrl.net\/wp-content\/uploads\/2024\/09\/AZIENDA-2-1024x683.jpg 1024w, https:\/\/securitysrl.net\/wp-content\/uploads\/2024\/09\/AZIENDA-2-300x200.jpg 300w, https:\/\/securitysrl.net\/wp-content\/uploads\/2024\/09\/AZIENDA-2-768x512.jpg 768w, https:\/\/securitysrl.net\/wp-content\/uploads\/2024\/09\/AZIENDA-2-1536x1024.jpg 1536w, https:\/\/securitysrl.net\/wp-content\/uploads\/2024\/09\/AZIENDA-2-2048x1366.jpg 2048w\" sizes=\"(max-width: 800px) 100vw, 800px\" \/>\t\t\t\t\t\t\t\t\t\t\t\t\t<\/div>\n\t\t\t\t<\/div>\n\t\t\t\t<div class=\"elementor-element elementor-element-cda404c elementor-widget elementor-widget-image\" data-id=\"cda404c\" data-element_type=\"widget\" data-widget_type=\"image.default\">\n\t\t\t\t<div class=\"elementor-widget-container\">\n\t\t\t\t\t\t\t\t\t\t\t\t\t<img loading=\"lazy\" decoding=\"async\" width=\"800\" height=\"534\" src=\"https:\/\/securitysrl.net\/wp-content\/uploads\/2024\/09\/AZIENDA-3-1024x683.jpg\" class=\"attachment-large size-large wp-image-5901\" alt=\"\" srcset=\"https:\/\/securitysrl.net\/wp-content\/uploads\/2024\/09\/AZIENDA-3-1024x683.jpg 1024w, https:\/\/securitysrl.net\/wp-content\/uploads\/2024\/09\/AZIENDA-3-300x200.jpg 300w, https:\/\/securitysrl.net\/wp-content\/uploads\/2024\/09\/AZIENDA-3-768x512.jpg 768w, https:\/\/securitysrl.net\/wp-content\/uploads\/2024\/09\/AZIENDA-3-1536x1024.jpg 1536w, https:\/\/securitysrl.net\/wp-content\/uploads\/2024\/09\/AZIENDA-3-2048x1366.jpg 2048w\" sizes=\"(max-width: 800px) 100vw, 800px\" \/>\t\t\t\t\t\t\t\t\t\t\t\t\t<\/div>\n\t\t\t\t<\/div>\n\t\t\t\t\t<\/div>\n\t\t\t\t<\/div>\n\t\t\t\t<div class=\"elementor-element elementor-element-7c24a5d elementor-widget elementor-widget-heading\" data-id=\"7c24a5d\" data-element_type=\"widget\" data-widget_type=\"heading.default\">\n\t\t\t\t<div class=\"elementor-widget-container\">\n\t\t\t<h2 class=\"elementor-heading-title elementor-size-default\">PRODUZIONE<\/h2>\t\t<\/div>\n\t\t\t\t<\/div>\n\t\t\t\t<div class=\"elementor-element elementor-element-922579d elementor-widget elementor-widget-heading\" data-id=\"922579d\" data-element_type=\"widget\" data-widget_type=\"heading.default\">\n\t\t\t\t<div class=\"elementor-widget-container\">\n\t\t\t<h2 class=\"elementor-heading-title elementor-size-default\">SECURITY produit et distribue sous la marque SCT des stores, volets roulants et persiennes en PVC, aluminium et acier, avec une technologie de pointe et les accessoires associ\u00e9s tels que rails, moustiquaires et caissons pr\u00e9fabriqu\u00e9s isolants.\n\nPour garantir la qualit\u00e9 des produits, l\u2019entreprise respecte pleinement la directive r\u00e9cente n\u00b0 89\/106\/CEE, notamment les normes UNI EN 13659\u20131932\u2013135127. De nombreuses ann\u00e9es d\u2019exp\u00e9rience ont test\u00e9 la solidit\u00e9, la durabilit\u00e9, la praticit\u00e9, les performances d\u2019isolation et l\u2019esth\u00e9tique de nos produits.\n\nLa grande vari\u00e9t\u00e9 de mod\u00e8les et de couleurs, y compris les imitations bois, garantit toujours le meilleur choix \u00e0 des prix comp\u00e9titifs.<\/h2>\t\t<\/div>\n\t\t\t\t<\/div>\n\t\t<div class=\"elementor-element elementor-element-4f844c6 e-grid e-con-boxed e-con e-child\" data-id=\"4f844c6\" data-element_type=\"container\" data-settings=\"{&quot;jet_parallax_layout_list&quot;:[]}\">\n\t\t\t\t\t<div class=\"e-con-inner\">\n\t\t\t\t<div class=\"elementor-element elementor-element-90b0f48 elementor-widget elementor-widget-image\" data-id=\"90b0f48\" data-element_type=\"widget\" data-widget_type=\"image.default\">\n\t\t\t\t<div class=\"elementor-widget-container\">\n\t\t\t\t\t\t\t\t\t\t\t\t\t<img loading=\"lazy\" decoding=\"async\" width=\"800\" height=\"353\" src=\"https:\/\/securitysrl.net\/wp-content\/uploads\/2024\/09\/PRODUZIONE-1-e1726240413776-1024x452.jpg\" class=\"attachment-large size-large wp-image-5902\" alt=\"\" srcset=\"https:\/\/securitysrl.net\/wp-content\/uploads\/2024\/09\/PRODUZIONE-1-e1726240413776-1024x452.jpg 1024w, https:\/\/securitysrl.net\/wp-content\/uploads\/2024\/09\/PRODUZIONE-1-e1726240413776-300x132.jpg 300w, https:\/\/securitysrl.net\/wp-content\/uploads\/2024\/09\/PRODUZIONE-1-e1726240413776-768x339.jpg 768w, https:\/\/securitysrl.net\/wp-content\/uploads\/2024\/09\/PRODUZIONE-1-e1726240413776-1536x678.jpg 1536w, https:\/\/securitysrl.net\/wp-content\/uploads\/2024\/09\/PRODUZIONE-1-e1726240413776-2048x904.jpg 2048w\" sizes=\"(max-width: 800px) 100vw, 800px\" \/>\t\t\t\t\t\t\t\t\t\t\t\t\t<\/div>\n\t\t\t\t<\/div>\n\t\t\t\t<div class=\"elementor-element elementor-element-accae0e elementor-widget elementor-widget-image\" data-id=\"accae0e\" data-element_type=\"widget\" data-widget_type=\"image.default\">\n\t\t\t\t<div class=\"elementor-widget-container\">\n\t\t\t\t\t\t\t\t\t\t\t\t\t<img loading=\"lazy\" decoding=\"async\" width=\"800\" height=\"534\" src=\"https:\/\/securitysrl.net\/wp-content\/uploads\/2024\/09\/PRODUZIONE-2-1024x683.jpg\" class=\"attachment-large size-large wp-image-5903\" alt=\"\" srcset=\"https:\/\/securitysrl.net\/wp-content\/uploads\/2024\/09\/PRODUZIONE-2-1024x683.jpg 1024w, https:\/\/securitysrl.net\/wp-content\/uploads\/2024\/09\/PRODUZIONE-2-300x200.jpg 300w, https:\/\/securitysrl.net\/wp-content\/uploads\/2024\/09\/PRODUZIONE-2-768x512.jpg 768w, https:\/\/securitysrl.net\/wp-content\/uploads\/2024\/09\/PRODUZIONE-2-1536x1024.jpg 1536w, https:\/\/securitysrl.net\/wp-content\/uploads\/2024\/09\/PRODUZIONE-2-2048x1366.jpg 2048w\" sizes=\"(max-width: 800px) 100vw, 800px\" \/>\t\t\t\t\t\t\t\t\t\t\t\t\t<\/div>\n\t\t\t\t<\/div>\n\t\t\t\t<div class=\"elementor-element elementor-element-b342cb1 elementor-widget elementor-widget-image\" data-id=\"b342cb1\" data-element_type=\"widget\" data-widget_type=\"image.default\">\n\t\t\t\t<div class=\"elementor-widget-container\">\n\t\t\t\t\t\t\t\t\t\t\t\t\t<img loading=\"lazy\" decoding=\"async\" width=\"800\" height=\"534\" src=\"https:\/\/securitysrl.net\/wp-content\/uploads\/2024\/09\/PRODUZIONE-3-1024x683.jpg\" class=\"attachment-large size-large wp-image-5904\" alt=\"\" srcset=\"https:\/\/securitysrl.net\/wp-content\/uploads\/2024\/09\/PRODUZIONE-3-1024x683.jpg 1024w, https:\/\/securitysrl.net\/wp-content\/uploads\/2024\/09\/PRODUZIONE-3-300x200.jpg 300w, https:\/\/securitysrl.net\/wp-content\/uploads\/2024\/09\/PRODUZIONE-3-768x512.jpg 768w, https:\/\/securitysrl.net\/wp-content\/uploads\/2024\/09\/PRODUZIONE-3-1536x1024.jpg 1536w, https:\/\/securitysrl.net\/wp-content\/uploads\/2024\/09\/PRODUZIONE-3-2048x1366.jpg 2048w\" sizes=\"(max-width: 800px) 100vw, 800px\" \/>\t\t\t\t\t\t\t\t\t\t\t\t\t<\/div>\n\t\t\t\t<\/div>\n\t\t\t\t\t<\/div>\n\t\t\t\t<\/div>\n\t\t\t\t<div class=\"elementor-element elementor-element-95869fa elementor-widget elementor-widget-heading\" data-id=\"95869fa\" data-element_type=\"widget\" data-widget_type=\"heading.default\">\n\t\t\t\t<div class=\"elementor-widget-container\">\n\t\t\t<h2 class=\"elementor-heading-title elementor-size-default\">SERVICES<\/h2>\t\t<\/div>\n\t\t\t\t<\/div>\n\t\t\t\t<div class=\"elementor-element elementor-element-758c365 elementor-widget elementor-widget-heading\" data-id=\"758c365\" data-element_type=\"widget\" data-widget_type=\"heading.default\">\n\t\t\t\t<div class=\"elementor-widget-container\">\n\t\t\t<h2 class=\"elementor-heading-title elementor-size-default\">SECURITY SRL fabrique dans ses propres ateliers des stores, volets roulants et tous les accessoires associ\u00e9s : monoblocs, caissons, accessoires, portes pliantes, volets et grilles extensibles, offrant un soutien complet aux revendeurs du secteur. En plus de la vente de moteurs pour volets roulants et stores bannes, avec possibilit\u00e9 d\u2019installation par nos \u00e9quipes sp\u00e9cialis\u00e9es, notre catalogue\u2014\u00e9galement t\u00e9l\u00e9chargeable en ligne\u2014offre la libert\u00e9 de choisir parmi des centaines d\u2019articles, r\u00e9pondant aux besoins d\u2019installation et d\u2019esth\u00e9tique des clients finaux.\n\nS\u2019ajoutent \u00e0 cela un service de livraison avec nos propres v\u00e9hicules, la disponibilit\u00e9 en stock de quasiment tous les articles du catalogue, l\u2019assistance sur chantier que nous fournissons habituellement, ainsi que des modalit\u00e9s de paiement personnalis\u00e9es. Notre service \u00e0 360\u00b0 garantit une grande fiabilit\u00e9 dans la vente en gros.<\/h2>\t\t<\/div>\n\t\t\t\t<\/div>\n\t\t<div class=\"elementor-element elementor-element-05234ca e-grid e-con-boxed e-con e-child\" data-id=\"05234ca\" data-element_type=\"container\" data-settings=\"{&quot;jet_parallax_layout_list&quot;:[]}\">\n\t\t\t\t\t<div class=\"e-con-inner\">\n\t\t\t\t<div class=\"elementor-element elementor-element-9573888 elementor-widget elementor-widget-image\" data-id=\"9573888\" data-element_type=\"widget\" data-widget_type=\"image.default\">\n\t\t\t\t<div class=\"elementor-widget-container\">\n\t\t\t\t\t\t\t\t\t\t\t\t\t<img loading=\"lazy\" decoding=\"async\" width=\"800\" height=\"533\" src=\"https:\/\/securitysrl.net\/wp-content\/uploads\/2024\/09\/SERVIZI-1-1024x682.jpg\" class=\"attachment-large size-large wp-image-5905\" alt=\"\" srcset=\"https:\/\/securitysrl.net\/wp-content\/uploads\/2024\/09\/SERVIZI-1-1024x682.jpg 1024w, https:\/\/securitysrl.net\/wp-content\/uploads\/2024\/09\/SERVIZI-1-300x200.jpg 300w, https:\/\/securitysrl.net\/wp-content\/uploads\/2024\/09\/SERVIZI-1-768x512.jpg 768w, https:\/\/securitysrl.net\/wp-content\/uploads\/2024\/09\/SERVIZI-1-1536x1024.jpg 1536w, https:\/\/securitysrl.net\/wp-content\/uploads\/2024\/09\/SERVIZI-1-2048x1365.jpg 2048w\" sizes=\"(max-width: 800px) 100vw, 800px\" \/>\t\t\t\t\t\t\t\t\t\t\t\t\t<\/div>\n\t\t\t\t<\/div>\n\t\t\t\t<div class=\"elementor-element elementor-element-34a3df4 elementor-widget elementor-widget-image\" data-id=\"34a3df4\" data-element_type=\"widget\" data-widget_type=\"image.default\">\n\t\t\t\t<div class=\"elementor-widget-container\">\n\t\t\t\t\t\t\t\t\t\t\t\t\t<img loading=\"lazy\" decoding=\"async\" width=\"800\" height=\"534\" src=\"https:\/\/securitysrl.net\/wp-content\/uploads\/2024\/09\/SERVIZI-2-1024x683.jpg\" class=\"attachment-large size-large wp-image-5906\" alt=\"\" srcset=\"https:\/\/securitysrl.net\/wp-content\/uploads\/2024\/09\/SERVIZI-2-1024x683.jpg 1024w, https:\/\/securitysrl.net\/wp-content\/uploads\/2024\/09\/SERVIZI-2-300x200.jpg 300w, https:\/\/securitysrl.net\/wp-content\/uploads\/2024\/09\/SERVIZI-2-768x512.jpg 768w, https:\/\/securitysrl.net\/wp-content\/uploads\/2024\/09\/SERVIZI-2-1536x1024.jpg 1536w, https:\/\/securitysrl.net\/wp-content\/uploads\/2024\/09\/SERVIZI-2-2048x1366.jpg 2048w\" sizes=\"(max-width: 800px) 100vw, 800px\" \/>\t\t\t\t\t\t\t\t\t\t\t\t\t<\/div>\n\t\t\t\t<\/div>\n\t\t\t\t<div class=\"elementor-element elementor-element-4aa307d elementor-widget elementor-widget-image\" data-id=\"4aa307d\" data-element_type=\"widget\" data-widget_type=\"image.default\">\n\t\t\t\t<div class=\"elementor-widget-container\">\n\t\t\t\t\t\t\t\t\t\t\t\t\t<img loading=\"lazy\" decoding=\"async\" width=\"800\" height=\"534\" src=\"https:\/\/securitysrl.net\/wp-content\/uploads\/2024\/09\/SERVIZI-3-1024x683.jpg\" class=\"attachment-large size-large wp-image-5907\" alt=\"\" srcset=\"https:\/\/securitysrl.net\/wp-content\/uploads\/2024\/09\/SERVIZI-3-1024x683.jpg 1024w, https:\/\/securitysrl.net\/wp-content\/uploads\/2024\/09\/SERVIZI-3-300x200.jpg 300w, https:\/\/securitysrl.net\/wp-content\/uploads\/2024\/09\/SERVIZI-3-768x512.jpg 768w, https:\/\/securitysrl.net\/wp-content\/uploads\/2024\/09\/SERVIZI-3-1536x1024.jpg 1536w, https:\/\/securitysrl.net\/wp-content\/uploads\/2024\/09\/SERVIZI-3-2048x1366.jpg 2048w\" sizes=\"(max-width: 800px) 100vw, 800px\" \/>\t\t\t\t\t\t\t\t\t\t\t\t\t<\/div>\n\t\t\t\t<\/div>\n\t\t\t\t\t<\/div>\n\t\t\t\t<\/div>\n\t\t\t\t\t<\/div>\n\t\t\t\t<\/div>\n\t\t\t\t<\/div>\n\t\t","protected":false},"excerpt":{"rendered":"<p>SECURITY SRL ENTREPRISE SECURITY srl, tra le prime aziende del settore in Liguria, produce a marchio SCT tende da sole, vetrate panoramiche VEPA, avvolgibili in acciaio, alluminio coibentato, alluminio estruso e PVC. SECURITY SRL offre da sempre una grande scelta di prodotti di altissima qualit\u00e0 commercializzando all&#8217;ingrosso tutto ci\u00f2 che \u00e8 schermatura solare: tende tecniche, [&hellip;]<\/p>\n","protected":false},"author":1,"featured_media":0,"parent":0,"menu_order":0,"comment_status":"closed","ping_status":"closed","template":"","meta":{"footnotes":""},"class_list":["post-5898","page","type-page","status-publish","hentry"],"acf":[],"_links":{"self":[{"href":"https:\/\/securitysrl.net\/fr\/wp-json\/wp\/v2\/pages\/5898"}],"collection":[{"href":"https:\/\/securitysrl.net\/fr\/wp-json\/wp\/v2\/pages"}],"about":[{"href":"https:\/\/securitysrl.net\/fr\/wp-json\/wp\/v2\/types\/page"}],"author":[{"embeddable":true,"href":"https:\/\/securitysrl.net\/fr\/wp-json\/wp\/v2\/users\/1"}],"replies":[{"embeddable":true,"href":"https:\/\/securitysrl.net\/fr\/wp-json\/wp\/v2\/comments?post=5898"}],"version-history":[{"count":1,"href":"https:\/\/securitysrl.net\/fr\/wp-json\/wp\/v2\/pages\/5898\/revisions"}],"predecessor-version":[{"id":5908,"href":"https:\/\/securitysrl.net\/fr\/wp-json\/wp\/v2\/pages\/5898\/revisions\/5908"}],"wp:attachment":[{"href":"https:\/\/securitysrl.net\/fr\/wp-json\/wp\/v2\/media?parent=5898"}],"curies":[{"name":"wp","href":"https:\/\/api.w.org\/{rel}","templated":true}]}}