{"id":5668,"date":"2024-08-27T11:07:22","date_gmt":"2024-08-27T09:07:22","guid":{"rendered":"https:\/\/securitysrl.net\/caissons\/"},"modified":"2025-09-19T17:11:55","modified_gmt":"2025-09-19T15:11:55","slug":"caissons","status":"publish","type":"page","link":"https:\/\/securitysrl.net\/fr\/caissons\/","title":{"rendered":"CAISSONS"},"content":{"rendered":"\t\t<div data-elementor-type=\"wp-page\" data-elementor-id=\"5668\" class=\"elementor elementor-5668 elementor-4151\" data-elementor-post-type=\"page\">\n\t\t\t\t<div class=\"elementor-element elementor-element-2f0c98f e-flex e-con-boxed e-con e-parent\" data-id=\"2f0c98f\" data-element_type=\"container\" data-settings=\"{&quot;jet_parallax_layout_list&quot;:[]}\">\n\t\t\t\t\t<div class=\"e-con-inner\">\n\t\t\t\t<div class=\"elementor-element elementor-element-11d2c9a elementor-widget elementor-widget-heading\" data-id=\"11d2c9a\" data-element_type=\"widget\" data-widget_type=\"heading.default\">\n\t\t\t\t<div class=\"elementor-widget-container\">\n\t\t\t<style>\/*! elementor - v3.21.0 - 26-05-2024 *\/\n.elementor-heading-title{padding:0;margin:0;line-height:1}.elementor-widget-heading .elementor-heading-title[class*=elementor-size-]>a{color:inherit;font-size:inherit;line-height:inherit}.elementor-widget-heading .elementor-heading-title.elementor-size-small{font-size:15px}.elementor-widget-heading .elementor-heading-title.elementor-size-medium{font-size:19px}.elementor-widget-heading .elementor-heading-title.elementor-size-large{font-size:29px}.elementor-widget-heading .elementor-heading-title.elementor-size-xl{font-size:39px}.elementor-widget-heading .elementor-heading-title.elementor-size-xxl{font-size:59px}<\/style><h2 class=\"elementor-heading-title elementor-size-default\">CAISSONS<\/h2>\t\t<\/div>\n\t\t\t\t<\/div>\n\t\t\t\t<div class=\"elementor-element elementor-element-3412a0f elementor-widget elementor-widget-heading\" data-id=\"3412a0f\" data-element_type=\"widget\" data-widget_type=\"heading.default\">\n\t\t\t\t<div class=\"elementor-widget-container\">\n\t\t\t<h2 class=\"elementor-heading-title elementor-size-default\">SCT fabrique des caissons en aluminium, classiques ou isol\u00e9s thermiquement. Vous pouvez ainsi choisir le mod\u00e8le id\u00e9al r\u00e9pondant \u00e0 vos besoins d\u2019efficacit\u00e9 \u00e9nerg\u00e9tique et adapt\u00e9 \u00e0 votre type de menuiserie. Nos caissons peuvent \u00eatre install\u00e9s pour des volets roulants \u00e0 man\u0153uvre manuelle ou motoris\u00e9e.  <\/h2>\t\t<\/div>\n\t\t\t\t<\/div>\n\t\t\t\t<div class=\"elementor-element elementor-element-a4b49b5 elementor-widget elementor-widget-heading\" data-id=\"a4b49b5\" data-element_type=\"widget\" data-widget_type=\"heading.default\">\n\t\t\t\t<div class=\"elementor-widget-container\">\n\t\t\t<h2 class=\"elementor-heading-title elementor-size-default\">CAISSONS EN ALUMINIUM<\/h2>\t\t<\/div>\n\t\t\t\t<\/div>\n\t\t<div class=\"elementor-element elementor-element-e0a7366 e-con-full e-flex e-con e-child\" data-id=\"e0a7366\" data-element_type=\"container\" data-settings=\"{&quot;jet_parallax_layout_list&quot;:[]}\">\n\t\t<div class=\"elementor-element elementor-element-1031130 e-flex e-con-boxed e-con e-child\" data-id=\"1031130\" data-element_type=\"container\" data-settings=\"{&quot;background_background&quot;:&quot;classic&quot;,&quot;jet_parallax_layout_list&quot;:[]}\">\n\t\t\t\t\t<div class=\"e-con-inner\">\n\t\t\t\t<div class=\"elementor-element elementor-element-0508c7a elementor-widget elementor-widget-image\" data-id=\"0508c7a\" data-element_type=\"widget\" data-widget_type=\"image.default\">\n\t\t\t\t<div class=\"elementor-widget-container\">\n\t\t\t<style>\/*! elementor - v3.21.0 - 26-05-2024 *\/\n.elementor-widget-image{text-align:center}.elementor-widget-image a{display:inline-block}.elementor-widget-image a img[src$=\".svg\"]{width:48px}.elementor-widget-image img{vertical-align:middle;display:inline-block}<\/style>\t\t\t\t\t\t\t\t\t\t<img fetchpriority=\"high\" decoding=\"async\" width=\"1309\" height=\"677\" src=\"https:\/\/securitysrl.net\/wp-content\/uploads\/2024\/08\/cass.jpg\" class=\"elementor-animation-shrink attachment-full size-full wp-image-5563\" alt=\"\" srcset=\"https:\/\/securitysrl.net\/wp-content\/uploads\/2024\/08\/cass.jpg 1309w, https:\/\/securitysrl.net\/wp-content\/uploads\/2024\/08\/cass-300x155.jpg 300w, https:\/\/securitysrl.net\/wp-content\/uploads\/2024\/08\/cass-1024x530.jpg 1024w, https:\/\/securitysrl.net\/wp-content\/uploads\/2024\/08\/cass-768x397.jpg 768w\" sizes=\"(max-width: 1309px) 100vw, 1309px\" \/>\t\t\t\t\t\t\t\t\t\t\t\t\t<\/div>\n\t\t\t\t<\/div>\n\t\t\t\t<div class=\"elementor-element elementor-element-3bb42c5 elementor-widget elementor-widget-heading\" data-id=\"3bb42c5\" data-element_type=\"widget\" data-widget_type=\"heading.default\">\n\t\t\t\t<div class=\"elementor-widget-container\">\n\t\t\t<h2 class=\"elementor-heading-title elementor-size-default\">Mod\u00e8le de base<\/h2>\t\t<\/div>\n\t\t\t\t<\/div>\n\t\t\t\t\t<\/div>\n\t\t\t\t<\/div>\n\t\t<div class=\"elementor-element elementor-element-ee96fa5 e-flex e-con-boxed e-con e-child\" data-id=\"ee96fa5\" data-element_type=\"container\" data-settings=\"{&quot;background_background&quot;:&quot;classic&quot;,&quot;jet_parallax_layout_list&quot;:[]}\">\n\t\t\t\t\t<div class=\"e-con-inner\">\n\t\t\t\t<div class=\"elementor-element elementor-element-ef7aa01 elementor-widget elementor-widget-image\" data-id=\"ef7aa01\" data-element_type=\"widget\" data-widget_type=\"image.default\">\n\t\t\t\t<div class=\"elementor-widget-container\">\n\t\t\t\t\t\t\t\t\t\t\t\t\t<img decoding=\"async\" width=\"227\" height=\"209\" src=\"https:\/\/securitysrl.net\/wp-content\/uploads\/2024\/08\/casso.jpg\" class=\"elementor-animation-shrink attachment-full size-full wp-image-5564\" alt=\"\" \/>\t\t\t\t\t\t\t\t\t\t\t\t\t<\/div>\n\t\t\t\t<\/div>\n\t\t\t\t<div class=\"elementor-element elementor-element-0fd7261 elementor-widget elementor-widget-heading\" data-id=\"0fd7261\" data-element_type=\"widget\" data-widget_type=\"heading.default\">\n\t\t\t\t<div class=\"elementor-widget-container\">\n\t\t\t<h2 class=\"elementor-heading-title elementor-size-default\">Mod\u00e8le de base avec isolation M35<\/h2>\t\t<\/div>\n\t\t\t\t<\/div>\n\t\t\t\t\t<\/div>\n\t\t\t\t<\/div>\n\t\t<div class=\"elementor-element elementor-element-292f8ae e-flex e-con-boxed e-con e-child\" data-id=\"292f8ae\" data-element_type=\"container\" data-settings=\"{&quot;background_background&quot;:&quot;classic&quot;,&quot;jet_parallax_layout_list&quot;:[]}\">\n\t\t\t\t\t<div class=\"e-con-inner\">\n\t\t\t\t<div class=\"elementor-element elementor-element-590f330 elementor-widget elementor-widget-image\" data-id=\"590f330\" data-element_type=\"widget\" data-widget_type=\"image.default\">\n\t\t\t\t<div class=\"elementor-widget-container\">\n\t\t\t\t\t\t\t\t\t\t\t\t\t<img decoding=\"async\" width=\"446\" height=\"235\" src=\"https:\/\/securitysrl.net\/wp-content\/uploads\/2024\/08\/casson.jpg\" class=\"elementor-animation-shrink attachment-full size-full wp-image-5565\" alt=\"\" srcset=\"https:\/\/securitysrl.net\/wp-content\/uploads\/2024\/08\/casson.jpg 446w, https:\/\/securitysrl.net\/wp-content\/uploads\/2024\/08\/casson-300x158.jpg 300w\" sizes=\"(max-width: 446px) 100vw, 446px\" \/>\t\t\t\t\t\t\t\t\t\t\t\t\t<\/div>\n\t\t\t\t<\/div>\n\t\t\t\t<div class=\"elementor-element elementor-element-be2e4b9 elementor-widget elementor-widget-heading\" data-id=\"be2e4b9\" data-element_type=\"widget\" data-widget_type=\"heading.default\">\n\t\t\t\t<div class=\"elementor-widget-container\">\n\t\t\t<h2 class=\"elementor-heading-title elementor-size-default\">Mod\u00e8le Eclipse<\/h2>\t\t<\/div>\n\t\t\t\t<\/div>\n\t\t\t\t\t<\/div>\n\t\t\t\t<\/div>\n\t\t<div class=\"elementor-element elementor-element-efee94d e-flex e-con-boxed e-con e-child\" data-id=\"efee94d\" data-element_type=\"container\" data-settings=\"{&quot;background_background&quot;:&quot;classic&quot;,&quot;jet_parallax_layout_list&quot;:[]}\">\n\t\t\t\t\t<div class=\"e-con-inner\">\n\t\t\t\t<div class=\"elementor-element elementor-element-c561922 elementor-widget elementor-widget-image\" data-id=\"c561922\" data-element_type=\"widget\" data-widget_type=\"image.default\">\n\t\t\t\t<div class=\"elementor-widget-container\">\n\t\t\t\t\t\t\t\t\t\t\t\t\t<img loading=\"lazy\" decoding=\"async\" width=\"446\" height=\"235\" src=\"https:\/\/securitysrl.net\/wp-content\/uploads\/2024\/08\/cassonett.jpg\" class=\"elementor-animation-shrink attachment-full size-full wp-image-5566\" alt=\"\" srcset=\"https:\/\/securitysrl.net\/wp-content\/uploads\/2024\/08\/cassonett.jpg 446w, https:\/\/securitysrl.net\/wp-content\/uploads\/2024\/08\/cassonett-300x158.jpg 300w\" sizes=\"(max-width: 446px) 100vw, 446px\" \/>\t\t\t\t\t\t\t\t\t\t\t\t\t<\/div>\n\t\t\t\t<\/div>\n\t\t\t\t<div class=\"elementor-element elementor-element-764930b elementor-widget elementor-widget-heading\" data-id=\"764930b\" data-element_type=\"widget\" data-widget_type=\"heading.default\">\n\t\t\t\t<div class=\"elementor-widget-container\">\n\t\t\t<h2 class=\"elementor-heading-title elementor-size-default\">Mod\u00e8le Eclipse M35<\/h2>\t\t<\/div>\n\t\t\t\t<\/div>\n\t\t\t\t\t<\/div>\n\t\t\t\t<\/div>\n\t\t\t\t<\/div>\n\t\t\t\t<div class=\"elementor-element elementor-element-93ffcc9 elementor-widget elementor-widget-heading\" data-id=\"93ffcc9\" data-element_type=\"widget\" data-widget_type=\"heading.default\">\n\t\t\t\t<div class=\"elementor-widget-container\">\n\t\t\t<h2 class=\"elementor-heading-title elementor-size-default\">CAISSONS EN ALUMINIUM CERTIFI\u00c9S ISOL\u00c9S THERMIQUEMENT<\/h2>\t\t<\/div>\n\t\t\t\t<\/div>\n\t\t\t\t<div class=\"elementor-element elementor-element-8f5ad10 elementor-widget elementor-widget-heading\" data-id=\"8f5ad10\" data-element_type=\"widget\" data-widget_type=\"heading.default\">\n\t\t\t\t<div class=\"elementor-widget-container\">\n\t\t\t<h2 class=\"elementor-heading-title elementor-size-default\">Thermal est le r\u00e9sultat d\u2019une avanc\u00e9e majeure de notre centre de recherche. Le caisson Thermal a atteint une valeur de transmission thermique certifi\u00e9e de 1,15 selon la norme UNI EN ISO 10077-2:2018. <\/h2>\t\t<\/div>\n\t\t\t\t<\/div>\n\t\t<div class=\"elementor-element elementor-element-4886b9f e-flex e-con-boxed e-con e-child\" data-id=\"4886b9f\" data-element_type=\"container\" data-settings=\"{&quot;jet_parallax_layout_list&quot;:[]}\">\n\t\t\t\t\t<div class=\"e-con-inner\">\n\t\t<div class=\"elementor-element elementor-element-8f042f6 e-flex e-con-boxed e-con e-child\" data-id=\"8f042f6\" data-element_type=\"container\" data-settings=\"{&quot;background_background&quot;:&quot;classic&quot;,&quot;jet_parallax_layout_list&quot;:[]}\">\n\t\t\t\t\t<div class=\"e-con-inner\">\n\t\t\t\t<div class=\"elementor-element elementor-element-a6a3f22 elementor-widget elementor-widget-image\" data-id=\"a6a3f22\" data-element_type=\"widget\" data-widget_type=\"image.default\">\n\t\t\t\t<div class=\"elementor-widget-container\">\n\t\t\t\t\t\t\t\t\t\t\t\t\t<img loading=\"lazy\" decoding=\"async\" width=\"907\" height=\"1043\" src=\"https:\/\/securitysrl.net\/wp-content\/uploads\/2024\/08\/cassonetts.jpg\" class=\"elementor-animation-shrink attachment-full size-full wp-image-5567\" alt=\"\" srcset=\"https:\/\/securitysrl.net\/wp-content\/uploads\/2024\/08\/cassonetts.jpg 907w, https:\/\/securitysrl.net\/wp-content\/uploads\/2024\/08\/cassonetts-261x300.jpg 261w, https:\/\/securitysrl.net\/wp-content\/uploads\/2024\/08\/cassonetts-890x1024.jpg 890w, https:\/\/securitysrl.net\/wp-content\/uploads\/2024\/08\/cassonetts-768x883.jpg 768w\" sizes=\"(max-width: 907px) 100vw, 907px\" \/>\t\t\t\t\t\t\t\t\t\t\t\t\t<\/div>\n\t\t\t\t<\/div>\n\t\t\t\t<div class=\"elementor-element elementor-element-37c54c3 elementor-widget elementor-widget-heading\" data-id=\"37c54c3\" data-element_type=\"widget\" data-widget_type=\"heading.default\">\n\t\t\t\t<div class=\"elementor-widget-container\">\n\t\t\t<h2 class=\"elementor-heading-title elementor-size-default\">Mod\u00e8le Standard Thermal M35<\/h2>\t\t<\/div>\n\t\t\t\t<\/div>\n\t\t\t\t\t<\/div>\n\t\t\t\t<\/div>\n\t\t<div class=\"elementor-element elementor-element-6df4f8f e-flex e-con-boxed e-con e-child\" data-id=\"6df4f8f\" data-element_type=\"container\" data-settings=\"{&quot;background_background&quot;:&quot;classic&quot;,&quot;jet_parallax_layout_list&quot;:[]}\">\n\t\t\t\t\t<div class=\"e-con-inner\">\n\t\t\t\t<div class=\"elementor-element elementor-element-9b96723 elementor-widget elementor-widget-image\" data-id=\"9b96723\" data-element_type=\"widget\" data-widget_type=\"image.default\">\n\t\t\t\t<div class=\"elementor-widget-container\">\n\t\t\t\t\t\t\t\t\t\t\t\t\t<img loading=\"lazy\" decoding=\"async\" width=\"820\" height=\"1070\" src=\"https:\/\/securitysrl.net\/wp-content\/uploads\/2024\/08\/aaaa.jpg\" class=\"elementor-animation-shrink attachment-full size-full wp-image-5568\" alt=\"\" srcset=\"https:\/\/securitysrl.net\/wp-content\/uploads\/2024\/08\/aaaa.jpg 820w, https:\/\/securitysrl.net\/wp-content\/uploads\/2024\/08\/aaaa-230x300.jpg 230w, https:\/\/securitysrl.net\/wp-content\/uploads\/2024\/08\/aaaa-785x1024.jpg 785w, https:\/\/securitysrl.net\/wp-content\/uploads\/2024\/08\/aaaa-768x1002.jpg 768w\" sizes=\"(max-width: 820px) 100vw, 820px\" \/>\t\t\t\t\t\t\t\t\t\t\t\t\t<\/div>\n\t\t\t\t<\/div>\n\t\t\t\t<div class=\"elementor-element elementor-element-f31a020 elementor-widget elementor-widget-heading\" data-id=\"f31a020\" data-element_type=\"widget\" data-widget_type=\"heading.default\">\n\t\t\t\t<div class=\"elementor-widget-container\">\n\t\t\t<h2 class=\"elementor-heading-title elementor-size-default\">Mod\u00e8le Eclipse Thermal M35<\/h2>\t\t<\/div>\n\t\t\t\t<\/div>\n\t\t\t\t\t<\/div>\n\t\t\t\t<\/div>\n\t\t\t\t\t<\/div>\n\t\t\t\t<\/div>\n\t\t\t\t\t<\/div>\n\t\t\t\t<\/div>\n\t\t\t\t<\/div>\n\t\t","protected":false},"excerpt":{"rendered":"<p>CAISSONS SCT fabrique des caissons en aluminium, classiques ou isol\u00e9s thermiquement. Vous pouvez ainsi choisir le mod\u00e8le id\u00e9al r\u00e9pondant \u00e0 vos besoins d\u2019efficacit\u00e9 \u00e9nerg\u00e9tique et adapt\u00e9 \u00e0 votre type de menuiserie. Nos caissons peuvent \u00eatre install\u00e9s pour des volets roulants \u00e0 man\u0153uvre manuelle ou motoris\u00e9e. CAISSONS EN ALUMINIUM Mod\u00e8le de base Mod\u00e8le de base avec [&hellip;]<\/p>\n","protected":false},"author":1,"featured_media":0,"parent":0,"menu_order":0,"comment_status":"closed","ping_status":"closed","template":"","meta":{"footnotes":""},"class_list":["post-5668","page","type-page","status-publish","hentry"],"acf":[],"_links":{"self":[{"href":"https:\/\/securitysrl.net\/fr\/wp-json\/wp\/v2\/pages\/5668"}],"collection":[{"href":"https:\/\/securitysrl.net\/fr\/wp-json\/wp\/v2\/pages"}],"about":[{"href":"https:\/\/securitysrl.net\/fr\/wp-json\/wp\/v2\/types\/page"}],"author":[{"embeddable":true,"href":"https:\/\/securitysrl.net\/fr\/wp-json\/wp\/v2\/users\/1"}],"replies":[{"embeddable":true,"href":"https:\/\/securitysrl.net\/fr\/wp-json\/wp\/v2\/comments?post=5668"}],"version-history":[{"count":1,"href":"https:\/\/securitysrl.net\/fr\/wp-json\/wp\/v2\/pages\/5668\/revisions"}],"predecessor-version":[{"id":5669,"href":"https:\/\/securitysrl.net\/fr\/wp-json\/wp\/v2\/pages\/5668\/revisions\/5669"}],"wp:attachment":[{"href":"https:\/\/securitysrl.net\/fr\/wp-json\/wp\/v2\/media?parent=5668"}],"curies":[{"name":"wp","href":"https:\/\/api.w.org\/{rel}","templated":true}]}}