{"id":5664,"date":"2024-08-27T12:23:01","date_gmt":"2024-08-27T10:23:01","guid":{"rendered":"https:\/\/securitysrl.net\/marquises\/"},"modified":"2025-09-19T17:05:04","modified_gmt":"2025-09-19T15:05:04","slug":"marquises","status":"publish","type":"page","link":"https:\/\/securitysrl.net\/fr\/marquises\/","title":{"rendered":"MARQUISES"},"content":{"rendered":"\t\t<div data-elementor-type=\"wp-page\" data-elementor-id=\"5664\" class=\"elementor elementor-5664 elementor-4169\" data-elementor-post-type=\"page\">\n\t\t\t\t<div class=\"elementor-element elementor-element-5e8bf5c e-flex e-con-boxed e-con e-parent\" data-id=\"5e8bf5c\" data-element_type=\"container\" data-settings=\"{&quot;jet_parallax_layout_list&quot;:[]}\">\n\t\t\t\t\t<div class=\"e-con-inner\">\n\t\t\t\t<div class=\"elementor-element elementor-element-33a9912 elementor-widget elementor-widget-heading\" data-id=\"33a9912\" data-element_type=\"widget\" data-widget_type=\"heading.default\">\n\t\t\t\t<div class=\"elementor-widget-container\">\n\t\t\t<style>\/*! elementor - v3.21.0 - 26-05-2024 *\/\n.elementor-heading-title{padding:0;margin:0;line-height:1}.elementor-widget-heading .elementor-heading-title[class*=elementor-size-]>a{color:inherit;font-size:inherit;line-height:inherit}.elementor-widget-heading .elementor-heading-title.elementor-size-small{font-size:15px}.elementor-widget-heading .elementor-heading-title.elementor-size-medium{font-size:19px}.elementor-widget-heading .elementor-heading-title.elementor-size-large{font-size:29px}.elementor-widget-heading .elementor-heading-title.elementor-size-xl{font-size:39px}.elementor-widget-heading .elementor-heading-title.elementor-size-xxl{font-size:59px}<\/style><h2 class=\"elementor-heading-title elementor-size-default\">MARQUISES<\/h2>\t\t<\/div>\n\t\t\t\t<\/div>\n\t\t\t\t<div class=\"elementor-element elementor-element-0bee631 elementor-widget elementor-widget-heading\" data-id=\"0bee631\" data-element_type=\"widget\" data-widget_type=\"heading.default\">\n\t\t\t\t<div class=\"elementor-widget-container\">\n\t\t\t<h2 class=\"elementor-heading-title elementor-size-default\">Les marquises sont une solution de couverture ext\u00e9rieure id\u00e9ale pour se prot\u00e9ger des intemp\u00e9ries et\/ou cr\u00e9er des zones d\u2019ombre agr\u00e9ables. Nos produits sont r\u00e9alis\u00e9s avec une structure en aluminium laqu\u00e9 selon les teintes RAL, et des couvertures en polycarbonate bronze ou transparent. <\/h2>\t\t<\/div>\n\t\t\t\t<\/div>\n\t\t<div class=\"elementor-element elementor-element-8ce7560 e-flex e-con-boxed e-con e-child\" data-id=\"8ce7560\" data-element_type=\"container\" data-settings=\"{&quot;jet_parallax_layout_list&quot;:[]}\">\n\t\t\t\t\t<div class=\"e-con-inner\">\n\t\t<div class=\"elementor-element elementor-element-95ecbca e-con-full e-flex e-con e-child\" data-id=\"95ecbca\" data-element_type=\"container\" data-settings=\"{&quot;jet_parallax_layout_list&quot;:[]}\">\n\t\t\t\t<div class=\"elementor-element elementor-element-8000db7 elementor-widget elementor-widget-heading\" data-id=\"8000db7\" data-element_type=\"widget\" data-widget_type=\"heading.default\">\n\t\t\t\t<div class=\"elementor-widget-container\">\n\t\t\t<h2 class=\"elementor-heading-title elementor-size-default\">MOD\u00c8LE ROSE DES VENTS<\/h2>\t\t<\/div>\n\t\t\t\t<\/div>\n\t\t<div class=\"elementor-element elementor-element-c92242a e-flex e-con-boxed e-con e-child\" data-id=\"c92242a\" data-element_type=\"container\" data-settings=\"{&quot;jet_parallax_layout_list&quot;:[]}\">\n\t\t\t\t\t<div class=\"e-con-inner\">\n\t\t<div class=\"elementor-element elementor-element-69495bd e-flex e-con-boxed e-con e-child\" data-id=\"69495bd\" data-element_type=\"container\" data-settings=\"{&quot;background_background&quot;:&quot;classic&quot;,&quot;jet_parallax_layout_list&quot;:[]}\">\n\t\t\t\t\t<div class=\"e-con-inner\">\n\t\t\t\t<div class=\"elementor-element elementor-element-a179ba0 elementor-widget elementor-widget-image\" data-id=\"a179ba0\" data-element_type=\"widget\" data-widget_type=\"image.default\">\n\t\t\t\t<div class=\"elementor-widget-container\">\n\t\t\t<style>\/*! elementor - v3.21.0 - 26-05-2024 *\/\n.elementor-widget-image{text-align:center}.elementor-widget-image a{display:inline-block}.elementor-widget-image a img[src$=\".svg\"]{width:48px}.elementor-widget-image img{vertical-align:middle;display:inline-block}<\/style>\t\t\t\t\t\t\t\t\t\t<img fetchpriority=\"high\" decoding=\"async\" width=\"2560\" height=\"1534\" src=\"https:\/\/securitysrl.net\/wp-content\/uploads\/2024\/08\/nord.jpg\" class=\"elementor-animation-shrink attachment-full size-full wp-image-5569\" alt=\"\" srcset=\"https:\/\/securitysrl.net\/wp-content\/uploads\/2024\/08\/nord.jpg 2560w, https:\/\/securitysrl.net\/wp-content\/uploads\/2024\/08\/nord-300x180.jpg 300w, https:\/\/securitysrl.net\/wp-content\/uploads\/2024\/08\/nord-1024x614.jpg 1024w, https:\/\/securitysrl.net\/wp-content\/uploads\/2024\/08\/nord-768x460.jpg 768w, https:\/\/securitysrl.net\/wp-content\/uploads\/2024\/08\/nord-1536x920.jpg 1536w, https:\/\/securitysrl.net\/wp-content\/uploads\/2024\/08\/nord-2048x1227.jpg 2048w\" sizes=\"(max-width: 2560px) 100vw, 2560px\" \/>\t\t\t\t\t\t\t\t\t\t\t\t\t<\/div>\n\t\t\t\t<\/div>\n\t\t\t\t<div class=\"elementor-element elementor-element-d0b1e23 elementor-widget elementor-widget-heading\" data-id=\"d0b1e23\" data-element_type=\"widget\" data-widget_type=\"heading.default\">\n\t\t\t\t<div class=\"elementor-widget-container\">\n\t\t\t<h2 class=\"elementor-heading-title elementor-size-default\">NORD<\/h2>\t\t<\/div>\n\t\t\t\t<\/div>\n\t\t\t\t\t<\/div>\n\t\t\t\t<\/div>\n\t\t<div class=\"elementor-element elementor-element-0466f0e e-flex e-con-boxed e-con e-child\" data-id=\"0466f0e\" data-element_type=\"container\" data-settings=\"{&quot;background_background&quot;:&quot;classic&quot;,&quot;jet_parallax_layout_list&quot;:[]}\">\n\t\t\t\t\t<div class=\"e-con-inner\">\n\t\t\t\t<div class=\"elementor-element elementor-element-76113d4 elementor-widget elementor-widget-image\" data-id=\"76113d4\" data-element_type=\"widget\" data-widget_type=\"image.default\">\n\t\t\t\t<div class=\"elementor-widget-container\">\n\t\t\t\t\t\t\t\t\t\t\t\t\t<img decoding=\"async\" width=\"2560\" height=\"1516\" src=\"https:\/\/securitysrl.net\/wp-content\/uploads\/2024\/08\/sud.jpg\" class=\"elementor-animation-shrink attachment-full size-full wp-image-5570\" alt=\"\" srcset=\"https:\/\/securitysrl.net\/wp-content\/uploads\/2024\/08\/sud.jpg 2560w, https:\/\/securitysrl.net\/wp-content\/uploads\/2024\/08\/sud-300x178.jpg 300w, https:\/\/securitysrl.net\/wp-content\/uploads\/2024\/08\/sud-1024x606.jpg 1024w, https:\/\/securitysrl.net\/wp-content\/uploads\/2024\/08\/sud-768x455.jpg 768w, https:\/\/securitysrl.net\/wp-content\/uploads\/2024\/08\/sud-1536x910.jpg 1536w, https:\/\/securitysrl.net\/wp-content\/uploads\/2024\/08\/sud-2048x1213.jpg 2048w\" sizes=\"(max-width: 2560px) 100vw, 2560px\" \/>\t\t\t\t\t\t\t\t\t\t\t\t\t<\/div>\n\t\t\t\t<\/div>\n\t\t\t\t<div class=\"elementor-element elementor-element-0904a4f elementor-widget elementor-widget-heading\" data-id=\"0904a4f\" data-element_type=\"widget\" data-widget_type=\"heading.default\">\n\t\t\t\t<div class=\"elementor-widget-container\">\n\t\t\t<h2 class=\"elementor-heading-title elementor-size-default\">SUD<\/h2>\t\t<\/div>\n\t\t\t\t<\/div>\n\t\t\t\t\t<\/div>\n\t\t\t\t<\/div>\n\t\t<div class=\"elementor-element elementor-element-971be9d e-flex e-con-boxed e-con e-child\" data-id=\"971be9d\" data-element_type=\"container\" data-settings=\"{&quot;background_background&quot;:&quot;classic&quot;,&quot;jet_parallax_layout_list&quot;:[]}\">\n\t\t\t\t\t<div class=\"e-con-inner\">\n\t\t\t\t<div class=\"elementor-element elementor-element-582ea38 elementor-widget elementor-widget-image\" data-id=\"582ea38\" data-element_type=\"widget\" data-widget_type=\"image.default\">\n\t\t\t\t<div class=\"elementor-widget-container\">\n\t\t\t\t\t\t\t\t\t\t\t\t\t<img decoding=\"async\" width=\"2560\" height=\"1515\" src=\"https:\/\/securitysrl.net\/wp-content\/uploads\/2024\/08\/est.jpg\" class=\"elementor-animation-shrink attachment-full size-full wp-image-5571\" alt=\"\" srcset=\"https:\/\/securitysrl.net\/wp-content\/uploads\/2024\/08\/est.jpg 2560w, https:\/\/securitysrl.net\/wp-content\/uploads\/2024\/08\/est-300x178.jpg 300w, https:\/\/securitysrl.net\/wp-content\/uploads\/2024\/08\/est-1024x606.jpg 1024w, https:\/\/securitysrl.net\/wp-content\/uploads\/2024\/08\/est-768x455.jpg 768w, https:\/\/securitysrl.net\/wp-content\/uploads\/2024\/08\/est-1536x909.jpg 1536w, https:\/\/securitysrl.net\/wp-content\/uploads\/2024\/08\/est-2048x1212.jpg 2048w\" sizes=\"(max-width: 2560px) 100vw, 2560px\" \/>\t\t\t\t\t\t\t\t\t\t\t\t\t<\/div>\n\t\t\t\t<\/div>\n\t\t\t\t<div class=\"elementor-element elementor-element-364ce3f elementor-widget elementor-widget-heading\" data-id=\"364ce3f\" data-element_type=\"widget\" data-widget_type=\"heading.default\">\n\t\t\t\t<div class=\"elementor-widget-container\">\n\t\t\t<h2 class=\"elementor-heading-title elementor-size-default\">EST<\/h2>\t\t<\/div>\n\t\t\t\t<\/div>\n\t\t\t\t\t<\/div>\n\t\t\t\t<\/div>\n\t\t<div class=\"elementor-element elementor-element-663e541 e-flex e-con-boxed e-con e-child\" data-id=\"663e541\" data-element_type=\"container\" data-settings=\"{&quot;background_background&quot;:&quot;classic&quot;,&quot;jet_parallax_layout_list&quot;:[]}\">\n\t\t\t\t\t<div class=\"e-con-inner\">\n\t\t\t\t<div class=\"elementor-element elementor-element-1901889 elementor-widget elementor-widget-image\" data-id=\"1901889\" data-element_type=\"widget\" data-widget_type=\"image.default\">\n\t\t\t\t<div class=\"elementor-widget-container\">\n\t\t\t\t\t\t\t\t\t\t\t\t\t<img loading=\"lazy\" decoding=\"async\" width=\"2560\" height=\"1515\" src=\"https:\/\/securitysrl.net\/wp-content\/uploads\/2024\/08\/ovest.jpg\" class=\"elementor-animation-shrink attachment-full size-full wp-image-5572\" alt=\"\" srcset=\"https:\/\/securitysrl.net\/wp-content\/uploads\/2024\/08\/ovest.jpg 2560w, https:\/\/securitysrl.net\/wp-content\/uploads\/2024\/08\/ovest-300x178.jpg 300w, https:\/\/securitysrl.net\/wp-content\/uploads\/2024\/08\/ovest-1024x606.jpg 1024w, https:\/\/securitysrl.net\/wp-content\/uploads\/2024\/08\/ovest-768x455.jpg 768w, https:\/\/securitysrl.net\/wp-content\/uploads\/2024\/08\/ovest-1536x909.jpg 1536w, https:\/\/securitysrl.net\/wp-content\/uploads\/2024\/08\/ovest-2048x1212.jpg 2048w\" sizes=\"(max-width: 2560px) 100vw, 2560px\" \/>\t\t\t\t\t\t\t\t\t\t\t\t\t<\/div>\n\t\t\t\t<\/div>\n\t\t\t\t<div class=\"elementor-element elementor-element-076060f elementor-widget elementor-widget-heading\" data-id=\"076060f\" data-element_type=\"widget\" data-widget_type=\"heading.default\">\n\t\t\t\t<div class=\"elementor-widget-container\">\n\t\t\t<h2 class=\"elementor-heading-title elementor-size-default\">OUEST<\/h2>\t\t<\/div>\n\t\t\t\t<\/div>\n\t\t\t\t\t<\/div>\n\t\t\t\t<\/div>\n\t\t\t\t\t<\/div>\n\t\t\t\t<\/div>\n\t\t\t\t<\/div>\n\t\t<div class=\"elementor-element elementor-element-4c0a84b e-flex e-con-boxed e-con e-child\" data-id=\"4c0a84b\" data-element_type=\"container\" data-settings=\"{&quot;jet_parallax_layout_list&quot;:[]}\">\n\t\t\t\t\t<div class=\"e-con-inner\">\n\t\t\t\t<div class=\"elementor-element elementor-element-3df3c2a elementor-widget elementor-widget-heading\" data-id=\"3df3c2a\" data-element_type=\"widget\" data-widget_type=\"heading.default\">\n\t\t\t\t<div class=\"elementor-widget-container\">\n\t\t\t<h2 class=\"elementor-heading-title elementor-size-default\">MOD\u00c8LE STANDARD<\/h2>\t\t<\/div>\n\t\t\t\t<\/div>\n\t\t<div class=\"elementor-element elementor-element-e4e1685 e-flex e-con-boxed e-con e-child\" data-id=\"e4e1685\" data-element_type=\"container\" data-settings=\"{&quot;background_background&quot;:&quot;classic&quot;,&quot;jet_parallax_layout_list&quot;:[]}\">\n\t\t\t\t\t<div class=\"e-con-inner\">\n\t\t\t\t<div class=\"elementor-element elementor-element-e93fdb1 elementor-widget elementor-widget-image\" data-id=\"e93fdb1\" data-element_type=\"widget\" data-widget_type=\"image.default\">\n\t\t\t\t<div class=\"elementor-widget-container\">\n\t\t\t\t\t\t\t\t\t\t\t\t\t<img loading=\"lazy\" decoding=\"async\" width=\"288\" height=\"182\" src=\"https:\/\/securitysrl.net\/wp-content\/uploads\/2024\/08\/pensiline.jpg\" class=\"elementor-animation-shrink attachment-full size-full wp-image-5573\" alt=\"\" \/>\t\t\t\t\t\t\t\t\t\t\t\t\t<\/div>\n\t\t\t\t<\/div>\n\t\t\t\t<div class=\"elementor-element elementor-element-2f28a42 elementor-widget elementor-widget-heading\" data-id=\"2f28a42\" data-element_type=\"widget\" data-widget_type=\"heading.default\">\n\t\t\t\t<div class=\"elementor-widget-container\">\n\t\t\t<h2 class=\"elementor-heading-title elementor-size-default\">MOD\u00c8LE STANDARD<\/h2>\t\t<\/div>\n\t\t\t\t<\/div>\n\t\t\t\t\t<\/div>\n\t\t\t\t<\/div>\n\t\t\t\t\t<\/div>\n\t\t\t\t<\/div>\n\t\t\t\t\t<\/div>\n\t\t\t\t<\/div>\n\t\t\t\t\t<\/div>\n\t\t\t\t<\/div>\n\t\t\t\t<\/div>\n\t\t","protected":false},"excerpt":{"rendered":"<p>MARQUISES Les marquises sont une solution de couverture ext\u00e9rieure id\u00e9ale pour se prot\u00e9ger des intemp\u00e9ries et\/ou cr\u00e9er des zones d\u2019ombre agr\u00e9ables. Nos produits sont r\u00e9alis\u00e9s avec une structure en aluminium laqu\u00e9 selon les teintes RAL, et des couvertures en polycarbonate bronze ou transparent. MOD\u00c8LE ROSE DES VENTS NORD SUD EST OUEST MOD\u00c8LE STANDARD MOD\u00c8LE STANDARD<\/p>\n","protected":false},"author":1,"featured_media":0,"parent":0,"menu_order":0,"comment_status":"closed","ping_status":"closed","template":"","meta":{"footnotes":""},"class_list":["post-5664","page","type-page","status-publish","hentry"],"acf":[],"_links":{"self":[{"href":"https:\/\/securitysrl.net\/fr\/wp-json\/wp\/v2\/pages\/5664"}],"collection":[{"href":"https:\/\/securitysrl.net\/fr\/wp-json\/wp\/v2\/pages"}],"about":[{"href":"https:\/\/securitysrl.net\/fr\/wp-json\/wp\/v2\/types\/page"}],"author":[{"embeddable":true,"href":"https:\/\/securitysrl.net\/fr\/wp-json\/wp\/v2\/users\/1"}],"replies":[{"embeddable":true,"href":"https:\/\/securitysrl.net\/fr\/wp-json\/wp\/v2\/comments?post=5664"}],"version-history":[{"count":1,"href":"https:\/\/securitysrl.net\/fr\/wp-json\/wp\/v2\/pages\/5664\/revisions"}],"predecessor-version":[{"id":5665,"href":"https:\/\/securitysrl.net\/fr\/wp-json\/wp\/v2\/pages\/5664\/revisions\/5665"}],"wp:attachment":[{"href":"https:\/\/securitysrl.net\/fr\/wp-json\/wp\/v2\/media?parent=5664"}],"curies":[{"name":"wp","href":"https:\/\/api.w.org\/{rel}","templated":true}]}}