{"id":5682,"date":"2019-11-14T09:35:59","date_gmt":"2019-11-14T07:35:59","guid":{"rendered":"https:\/\/securitysrl.net\/photogallery\/"},"modified":"2025-09-19T17:42:28","modified_gmt":"2025-09-19T15:42:28","slug":"photogallery","status":"publish","type":"page","link":"https:\/\/securitysrl.net\/en\/photogallery\/","title":{"rendered":"PHOTOGALLERY"},"content":{"rendered":"\t\t<div data-elementor-type=\"wp-page\" data-elementor-id=\"5682\" class=\"elementor elementor-5682 elementor-2205\" data-elementor-post-type=\"page\">\n\t\t\t\t<div class=\"elementor-element elementor-element-ab28e40 e-flex e-con-boxed e-con e-parent\" data-id=\"ab28e40\" data-element_type=\"container\" data-settings=\"{&quot;jet_parallax_layout_list&quot;:[]}\">\n\t\t\t\t\t<div class=\"e-con-inner\">\n\t\t\t\t<div class=\"elementor-element elementor-element-df8bdef elementor-widget elementor-widget-heading\" data-id=\"df8bdef\" data-element_type=\"widget\" data-widget_type=\"heading.default\">\n\t\t\t\t<div class=\"elementor-widget-container\">\n\t\t\t<style>\/*! elementor - v3.21.0 - 26-05-2024 *\/\n.elementor-heading-title{padding:0;margin:0;line-height:1}.elementor-widget-heading .elementor-heading-title[class*=elementor-size-]>a{color:inherit;font-size:inherit;line-height:inherit}.elementor-widget-heading .elementor-heading-title.elementor-size-small{font-size:15px}.elementor-widget-heading .elementor-heading-title.elementor-size-medium{font-size:19px}.elementor-widget-heading .elementor-heading-title.elementor-size-large{font-size:29px}.elementor-widget-heading .elementor-heading-title.elementor-size-xl{font-size:39px}.elementor-widget-heading .elementor-heading-title.elementor-size-xxl{font-size:59px}<\/style><h2 class=\"elementor-heading-title elementor-size-default\">PHOTOGALLERY<br><\/h2>\t\t<\/div>\n\t\t\t\t<\/div>\n\t\t\t\t\t<\/div>\n\t\t\t\t<\/div>\n\t\t<div class=\"elementor-element elementor-element-8b3e2a1 e-flex e-con-boxed e-con e-parent\" data-id=\"8b3e2a1\" data-element_type=\"container\" data-settings=\"{&quot;jet_parallax_layout_list&quot;:[]}\">\n\t\t\t\t\t<div class=\"e-con-inner\">\n\t\t\t\t<div class=\"elementor-element elementor-element-3479a87 elementor-widget elementor-widget-jet-image-accordion\" data-id=\"3479a87\" data-element_type=\"widget\" data-widget_type=\"jet-image-accordion.default\">\n\t\t\t\t<div class=\"elementor-widget-container\">\n\t\t\t<div class=\"elementor-jet-image-accordion jet-tabs-addons\"><div class=\"jet-image-accordion jet-image-accordion-vertical-orientation jet-image-accordion-circ-ease\" role=\"tablist\" data-settings=\"{&quot;orientation&quot;:&quot;vertical&quot;,&quot;activeSize&quot;:{&quot;unit&quot;:&quot;%&quot;,&quot;size&quot;:40,&quot;sizes&quot;:[]},&quot;duration&quot;:500,&quot;activeItem&quot;:-1}\">\n\t<div class=\"jet-image-accordion__list\">\n<div class=\"jet-image-accordion__item\" role=\"tab\" aria-selected=\"false\" tabindex=\"0\">\n<img decoding=\"async\" class=\"jet-image-accordion__image-instance\" src=\"https:\/\/securitysrl.net\/wp-content\/uploads\/2019\/11\/IMG-20191115-WA0029.jpg\" alt=\"GUIDETTI SISTEMI PER TENDE - SAVONA\">\t<div class=\"jet-image-accordion__content\"><h5 class=\"jet-image-accordion__title\">Projects<\/h5><a class=\"elementor-button elementor-size-md jet-image-accordion__button\" role=\"button\" tabindex=\"0\" href=\"https:\/\/securitysrl.net\/realizzazioni\/\">Learn more<\/a><\/div>\n\t<div class=\"jet-image-accordion__item-loader\"><span><\/span><\/div>\n<\/div>\n<div class=\"jet-image-accordion__item\" role=\"tab\" aria-selected=\"false\" tabindex=\"0\">\n<img decoding=\"async\" class=\"jet-image-accordion__image-instance\" src=\"https:\/\/securitysrl.net\/wp-content\/uploads\/2019\/11\/shade-robinson-DSC_0426.jpg\" alt=\"shade robinson DSC_0426\">\t<div class=\"jet-image-accordion__content\"><h5 class=\"jet-image-accordion__title\">Bioclimatic Pergolas<\/h5><a class=\"elementor-button elementor-size-md jet-image-accordion__button\" role=\"button\" tabindex=\"0\" href=\"https:\/\/securitysrl.net\/bioclimatiche-gallery\/\">Learn more<\/a><\/div>\n\t<div class=\"jet-image-accordion__item-loader\"><span><\/span><\/div>\n<\/div>\n<div class=\"jet-image-accordion__item\" role=\"tab\" aria-selected=\"false\" tabindex=\"0\">\n<img decoding=\"async\" class=\"jet-image-accordion__image-instance\" src=\"https:\/\/securitysrl.net\/wp-content\/uploads\/2019\/11\/SPAGNOLI5.jpg\" alt=\"SPAGNOLI5\">\t<div class=\"jet-image-accordion__content\"><h5 class=\"jet-image-accordion__title\">Security grilles<\/h5><a class=\"elementor-button elementor-size-md jet-image-accordion__button\" role=\"button\" tabindex=\"0\" href=\"https:\/\/securitysrl.net\/cancelletti\/\">Learn more<\/a><\/div>\n\t<div class=\"jet-image-accordion__item-loader\"><span><\/span><\/div>\n<\/div>\n<div class=\"jet-image-accordion__item\" role=\"tab\" aria-selected=\"false\" tabindex=\"0\">\n<img decoding=\"async\" class=\"jet-image-accordion__image-instance\" src=\"https:\/\/securitysrl.net\/wp-content\/uploads\/2019\/11\/tendals-2.jpg\" alt=\"tendals 2\">\t<div class=\"jet-image-accordion__content\"><h5 class=\"jet-image-accordion__title\">Gazebos<\/h5><a class=\"elementor-button elementor-size-md jet-image-accordion__button\" role=\"button\" tabindex=\"0\" href=\"https:\/\/securitysrl.net\/gazebi\/\">Learn more<\/a><\/div>\n\t<div class=\"jet-image-accordion__item-loader\"><span><\/span><\/div>\n<\/div>\n<\/div>\n<\/div>\n<\/div>\t\t<\/div>\n\t\t\t\t<\/div>\n\t\t\t\t<div class=\"elementor-element elementor-element-58e2ca9 elementor-widget elementor-widget-jet-image-accordion\" data-id=\"58e2ca9\" data-element_type=\"widget\" data-widget_type=\"jet-image-accordion.default\">\n\t\t\t\t<div class=\"elementor-widget-container\">\n\t\t\t<div class=\"elementor-jet-image-accordion jet-tabs-addons\"><div class=\"jet-image-accordion jet-image-accordion-vertical-orientation jet-image-accordion-circ-ease\" role=\"tablist\" data-settings=\"{&quot;orientation&quot;:&quot;vertical&quot;,&quot;activeSize&quot;:{&quot;unit&quot;:&quot;%&quot;,&quot;size&quot;:40,&quot;sizes&quot;:[]},&quot;duration&quot;:500,&quot;activeItem&quot;:-1}\">\n\t<div class=\"jet-image-accordion__list\">\n<div class=\"jet-image-accordion__item\" role=\"tab\" aria-selected=\"false\" tabindex=\"0\">\n<img decoding=\"async\" class=\"jet-image-accordion__image-instance\" src=\"https:\/\/securitysrl.net\/wp-content\/uploads\/2019\/11\/PAROLA2.jpg\" alt=\"PAROLA2\">\t<div class=\"jet-image-accordion__content\"><h5 class=\"jet-image-accordion__title\">Umbrellas<\/h5><a class=\"elementor-button elementor-size-md jet-image-accordion__button\" role=\"button\" tabindex=\"0\" href=\"https:\/\/securitysrl.net\/ombrelloni\/\">Learn more<\/a><\/div>\n\t<div class=\"jet-image-accordion__item-loader\"><span><\/span><\/div>\n<\/div>\n<div class=\"jet-image-accordion__item\" role=\"tab\" aria-selected=\"false\" tabindex=\"0\">\n<img decoding=\"async\" class=\"jet-image-accordion__image-instance\" src=\"https:\/\/securitysrl.net\/wp-content\/uploads\/2019\/11\/pergola_alabama-17.jpg\" alt=\"pergola_alabama (17)\">\t<div class=\"jet-image-accordion__content\"><h5 class=\"jet-image-accordion__title\">Pergolas<\/h5><a class=\"elementor-button elementor-size-md jet-image-accordion__button\" role=\"button\" tabindex=\"0\" href=\"https:\/\/securitysrl.net\/pergole-gallery\/\">Learn more<\/a><\/div>\n\t<div class=\"jet-image-accordion__item-loader\"><span><\/span><\/div>\n<\/div>\n<div class=\"jet-image-accordion__item\" role=\"tab\" aria-selected=\"false\" tabindex=\"0\">\n<img decoding=\"async\" class=\"jet-image-accordion__image-instance\" src=\"https:\/\/securitysrl.net\/wp-content\/uploads\/2019\/11\/tenso-castrignano-2-DSC_0035.jpg\" alt=\"tenso castrignano 2 DSC_0035\">\t<div class=\"jet-image-accordion__content\"><h5 class=\"jet-image-accordion__title\">Tensile structures<\/h5><a class=\"elementor-button elementor-size-md jet-image-accordion__button\" role=\"button\" tabindex=\"0\" href=\"https:\/\/securitysrl.net\/tensostrutture\/\">Learn more<\/a><\/div>\n\t<div class=\"jet-image-accordion__item-loader\"><span><\/span><\/div>\n<\/div>\n<div class=\"jet-image-accordion__item\" role=\"tab\" aria-selected=\"false\" tabindex=\"0\">\n<img decoding=\"async\" class=\"jet-image-accordion__image-instance\" src=\"https:\/\/securitysrl.net\/wp-content\/uploads\/2019\/02\/BasePlus_ALTA3-ps.jpg\" alt=\"BasePlus_ALTA3 ps\">\t<div class=\"jet-image-accordion__content\"><h5 class=\"jet-image-accordion__title\">Sun awnings<\/h5><a class=\"elementor-button elementor-size-md jet-image-accordion__button\" role=\"button\" tabindex=\"0\" href=\"https:\/\/securitysrl.net\/tende-sole-gallery\/\">Learn more<\/a><\/div>\n\t<div class=\"jet-image-accordion__item-loader\"><span><\/span><\/div>\n<\/div>\n<\/div>\n<\/div>\n<\/div>\t\t<\/div>\n\t\t\t\t<\/div>\n\t\t\t\t<div class=\"elementor-element elementor-element-4bbb263 elementor-widget elementor-widget-jet-image-accordion\" data-id=\"4bbb263\" data-element_type=\"widget\" data-widget_type=\"jet-image-accordion.default\">\n\t\t\t\t<div class=\"elementor-widget-container\">\n\t\t\t<div class=\"elementor-jet-image-accordion jet-tabs-addons\"><div class=\"jet-image-accordion jet-image-accordion-vertical-orientation jet-image-accordion-circ-ease\" role=\"tablist\" data-settings=\"{&quot;orientation&quot;:&quot;vertical&quot;,&quot;activeSize&quot;:{&quot;unit&quot;:&quot;%&quot;,&quot;size&quot;:40,&quot;sizes&quot;:[]},&quot;duration&quot;:500,&quot;activeItem&quot;:-1}\">\n\t<div class=\"jet-image-accordion__list\">\n<div class=\"jet-image-accordion__item\" role=\"tab\" aria-selected=\"false\" tabindex=\"0\">\n<img decoding=\"async\" class=\"jet-image-accordion__image-instance\" src=\"https:\/\/securitysrl.net\/wp-content\/uploads\/2022\/03\/image-2.jpeg\" alt=\"image\">\t<div class=\"jet-image-accordion__content\"><h5 class=\"jet-image-accordion__title\">Technical shades<\/h5><a class=\"elementor-button elementor-size-md jet-image-accordion__button\" role=\"button\" tabindex=\"0\" href=\"https:\/\/securitysrl.net\/tende-tecniche-gallery\/\">Learn more<\/a><\/div>\n\t<div class=\"jet-image-accordion__item-loader\"><span><\/span><\/div>\n<\/div>\n<div class=\"jet-image-accordion__item\" role=\"tab\" aria-selected=\"false\" tabindex=\"0\">\n<img decoding=\"async\" class=\"jet-image-accordion__image-instance\" src=\"https:\/\/securitysrl.net\/wp-content\/uploads\/2019\/11\/aster-IMG_1140.jpg\" alt=\"aster IMG_1140\">\t<div class=\"jet-image-accordion__content\"><h5 class=\"jet-image-accordion__title\">Shade sails<\/h5><a class=\"elementor-button elementor-size-md jet-image-accordion__button\" role=\"button\" tabindex=\"0\" href=\"https:\/\/securitysrl.net\/vele\/\">Learn more<\/a><\/div>\n\t<div class=\"jet-image-accordion__item-loader\"><span><\/span><\/div>\n<\/div>\n<div class=\"jet-image-accordion__item\" role=\"tab\" aria-selected=\"false\" tabindex=\"0\">\n<img decoding=\"async\" class=\"jet-image-accordion__image-instance\" src=\"https:\/\/securitysrl.net\/wp-content\/uploads\/2019\/11\/DSC_0031.jpg\" alt=\"DSC_0031\">\t<div class=\"jet-image-accordion__content\"><h5 class=\"jet-image-accordion__title\">Glass walls<\/h5><a class=\"elementor-button elementor-size-md jet-image-accordion__button\" role=\"button\" tabindex=\"0\" href=\"https:\/\/securitysrl.net\/vetrate-gallery\/\">Learn more<\/a><\/div>\n\t<div class=\"jet-image-accordion__item-loader\"><span><\/span><\/div>\n<\/div>\n<div class=\"jet-image-accordion__item\" role=\"tab\" aria-selected=\"false\" tabindex=\"0\">\n<img decoding=\"async\" class=\"jet-image-accordion__image-instance\" src=\"https:\/\/securitysrl.net\/wp-content\/uploads\/2024\/08\/image-16.jpeg\" alt=\"image-16\">\t<div class=\"jet-image-accordion__content\"><h5 class=\"jet-image-accordion__title\">Venetian blinds<\/h5><a class=\"elementor-button elementor-size-md jet-image-accordion__button\" role=\"button\" tabindex=\"0\" href=\"https:\/\/securitysrl.net\/veneziane\/\">Learn more<\/a><\/div>\n\t<div class=\"jet-image-accordion__item-loader\"><span><\/span><\/div>\n<\/div>\n<\/div>\n<\/div>\n<\/div>\t\t<\/div>\n\t\t\t\t<\/div>\n\t\t\t\t\t<\/div>\n\t\t\t\t<\/div>\n\t\t\t\t<\/div>\n\t\t","protected":false},"excerpt":{"rendered":"<p>PHOTOGALLERY Projects Learn more Bioclimatic Pergolas Scopri di pi\u00f9 Security grilles Scopri di pi\u00f9 Gazebos Scopri di pi\u00f9 Umbrellas Scopri di pi\u00f9 Pergole Scopri di pi\u00f9 Tensile structures Scopri di pi\u00f9 Sun awnings Scopri di pi\u00f9 Technical shades Scopri di pi\u00f9 Shade sails Scopri di pi\u00f9 Glass walls Scopri di pi\u00f9 Venetian blinds Scopri di [&hellip;]<\/p>\n","protected":false},"author":1,"featured_media":0,"parent":0,"menu_order":0,"comment_status":"closed","ping_status":"closed","template":"","meta":{"footnotes":""},"class_list":["post-5682","page","type-page","status-publish","hentry"],"acf":[],"_links":{"self":[{"href":"https:\/\/securitysrl.net\/en\/wp-json\/wp\/v2\/pages\/5682"}],"collection":[{"href":"https:\/\/securitysrl.net\/en\/wp-json\/wp\/v2\/pages"}],"about":[{"href":"https:\/\/securitysrl.net\/en\/wp-json\/wp\/v2\/types\/page"}],"author":[{"embeddable":true,"href":"https:\/\/securitysrl.net\/en\/wp-json\/wp\/v2\/users\/1"}],"replies":[{"embeddable":true,"href":"https:\/\/securitysrl.net\/en\/wp-json\/wp\/v2\/comments?post=5682"}],"version-history":[{"count":4,"href":"https:\/\/securitysrl.net\/en\/wp-json\/wp\/v2\/pages\/5682\/revisions"}],"predecessor-version":[{"id":5686,"href":"https:\/\/securitysrl.net\/en\/wp-json\/wp\/v2\/pages\/5682\/revisions\/5686"}],"wp:attachment":[{"href":"https:\/\/securitysrl.net\/en\/wp-json\/wp\/v2\/media?parent=5682"}],"curies":[{"name":"wp","href":"https:\/\/api.w.org\/{rel}","templated":true}]}}